{"id":750,"date":"2018-08-30T11:55:32","date_gmt":"2018-08-30T14:55:32","guid":{"rendered":"https:\/\/isortiz-cba.infd.edu.ar\/sitio\/plan-de-estudios\/"},"modified":"2022-11-15T20:07:15","modified_gmt":"2022-11-15T23:07:15","slug":"plan-de-estudios","status":"publish","type":"page","link":"https:\/\/isortiz-cba.infd.edu.ar\/sitio\/plan-de-estudios\/","title":{"rendered":"Plan de estudio"},"content":{"rendered":"<p>\u00a0<\/p>\n<p><strong>CARRERA: PROFESORADO DE EDUCACI\u00d3N SECUNDARIA EN ECONOM\u00cdA &#8211;\u00a0<\/strong>VALIDEZ NACIONAL<\/p>\n<p>En los siguientes enlaces encontrar\u00e1s informaci\u00f3n sobre las Unidades Curriculares de la carrera, formatos y modos de acreditaci\u00f3n:<\/p>\n<ul>\n<li><a href=\"https:\/\/isortiz-cba.infd.edu.ar\/sitio\/wp-content\/uploads\/2021\/09\/Plan-de-Estudio-274_19_Profesorado-de-Educacion-Secundaria-en-Economia.docx.pdf\" target=\"_blank\" rel=\"noopener\">Plan de Estudio 274_2019_Profesorado de Educaci\u00f3n Secundaria en Econom\u00eda<\/a><\/li>\n<li><a href=\"https:\/\/isortiz-cba.infd.edu.ar\/sitio\/wp-content\/uploads\/2021\/09\/Plan-de-Estudio-147_13_-Profesorado-de-Educacion-Secundaria-en-Economia.pdf\" target=\"_blank\" rel=\"noopener\">Plan de Estudio 147_2013_ Profesorado de Educaci\u00f3n Secundaria en Econom\u00eda<\/a><\/li>\n<\/ul>\n\n\n<p><\/p>\n","protected":false},"excerpt":{"rendered":"<p>\u00a0 CARRERA: PROFESORADO DE EDUCACI\u00d3N SECUNDARIA EN ECONOM\u00cdA &#8211;\u00a0VALIDEZ NACIONAL En los siguientes enlaces encontrar\u00e1s informaci\u00f3n sobre las Unidades Curriculares de la carrera, formatos y modos de acreditaci\u00f3n: Plan de Estudio 274_2019_Profesorado de Educaci\u00f3n Secundaria en Econom\u00eda Plan de Estudio 147_2013_ Profesorado de Educaci\u00f3n Secundaria en Econom\u00eda<\/p>\n","protected":false},"author":47,"featured_media":0,"parent":0,"menu_order":0,"comment_status":"closed","ping_status":"closed","template":"","meta":[],"acf":[],"_links":{"self":[{"href":"https:\/\/isortiz-cba.infd.edu.ar\/sitio\/wp-json\/wp\/v2\/pages\/750"}],"collection":[{"href":"https:\/\/isortiz-cba.infd.edu.ar\/sitio\/wp-json\/wp\/v2\/pages"}],"about":[{"href":"https:\/\/isortiz-cba.infd.edu.ar\/sitio\/wp-json\/wp\/v2\/types\/page"}],"author":[{"embeddable":true,"href":"https:\/\/isortiz-cba.infd.edu.ar\/sitio\/wp-json\/wp\/v2\/users\/47"}],"replies":[{"embeddable":true,"href":"https:\/\/isortiz-cba.infd.edu.ar\/sitio\/wp-json\/wp\/v2\/comments?post=750"}],"version-history":[{"count":8,"href":"https:\/\/isortiz-cba.infd.edu.ar\/sitio\/wp-json\/wp\/v2\/pages\/750\/revisions"}],"predecessor-version":[{"id":3194,"href":"https:\/\/isortiz-cba.infd.edu.ar\/sitio\/wp-json\/wp\/v2\/pages\/750\/revisions\/3194"}],"wp:attachment":[{"href":"https:\/\/isortiz-cba.infd.edu.ar\/sitio\/wp-json\/wp\/v2\/media?parent=750"}],"curies":[{"name":"wp","href":"https:\/\/api.w.org\/{rel}","templated":true}]}}