{"id":738,"date":"2018-08-30T11:55:28","date_gmt":"2018-08-30T14:55:28","guid":{"rendered":"https:\/\/isortiz-cba.infd.edu.ar\/sitio\/formacion-pedagogica-de-graduados-no-docentes-profesionales-y-tecnicos-superiores\/"},"modified":"2021-11-26T20:02:46","modified_gmt":"2021-11-26T23:02:46","slug":"formacion-pedagogica-de-graduados-no-docentes-profesionales-y-tecnicos-superiores","status":"publish","type":"page","link":"https:\/\/isortiz-cba.infd.edu.ar\/sitio\/formacion-pedagogica-de-graduados-no-docentes-profesionales-y-tecnicos-superiores\/","title":{"rendered":"Formaci\u00f3n Pedag\u00f3gica de Graduados No Docentes (Profesionales y T\u00e9cnicos Superiores)"},"content":{"rendered":"<h4><strong>Formaci\u00f3n Pedag\u00f3gica para Graduados No Docentes (Profesionales y T\u00e9cnicos Superiores):<\/strong><\/h4>\n<ul>\n<li>Seg\u00fan \u00a0<a href=\"https:\/\/isortiz-cba.infd.edu.ar\/sitio\/wp-content\/uploads\/2021\/03\/Resolucion-145_10.pdf\" target=\"_blank\" rel=\"noopener\">Resoluci\u00f3n Ministerial N\u00ba 145\/10<\/a>\n<ul>\n<li><strong>Duraci\u00f3n<\/strong>: 2 a\u00f1os.<\/li>\n<li><strong>Carga horaria total:<\/strong>\u00a01536 horas c\u00e1tedra de 40 minutos. 1024 horas reloj<\/li>\n<li><strong>Modalidad de cursado:\u00a0<\/strong>Combinada. El cursado contemplar\u00e1 instancias sincr\u00f3nicas y asincr\u00f3nicas que se implementar\u00e1n en aulas virtuales, encuentros presenciales, trabajos de campo y pr\u00e1cticas que se realizar\u00e1n en las escuelas asociadas.<\/li>\n<li><strong>No existe condici\u00f3n de libre.<\/strong><\/li>\n<li><strong>Certificaci\u00f3n<\/strong>: Formaci\u00f3n Pedag\u00f3gica de Graduados No Docentes (Profesionales y<br \/>\nT\u00e9cnicos Superiores) para la Educaci\u00f3n Secundaria<\/li>\n<li><strong>Alcance de la Certificaci\u00f3n<\/strong>: esta certificaci\u00f3n junto al t\u00edtulo profesional o t\u00e9cnico<br \/>\nsuperior de base ser\u00e1 equivalente al t\u00edtulo docente de grado o inicial a los fines de su<br \/>\npresentaci\u00f3n ante quien corresponda.<\/li>\n<li><strong>Requisito de Ingreso:<\/strong>\u00a0poseer t\u00edtulo profesional o t\u00e9cnico Superior emitidos por<br \/>\ninstituciones de educaci\u00f3n superior con reconocimiento oficial. Las titulaciones<br \/>\ncorresponder\u00e1n a carreras cuya carga horaria no sea menor a 1600 horas reloj.<\/li>\n<\/ul>\n<\/li>\n<\/ul>\n<h4><strong>PRE INSCRIPCIONES PARA EL CICLO LECTIVO 2022<\/strong><\/h4>\n<p>El Ministerio de Educaci\u00f3n, a trav\u00e9s de su direcci\u00f3n general de Educaci\u00f3n Superior, informa que\u00a0<strong>desde el 2 al 15 de diciembre inclusive<\/strong>\u00a0estar\u00e1 abierto el per\u00edodo de\u00a0<strong>preinscripciones al Trayecto Pedag\u00f3gico para Graduados no Docentes<\/strong>.<\/p>\n<p>Este trayecto, en esta primera cohorte, est\u00e1 especialmente dirigido a quienes est\u00e9n comprendidos en el tercer art\u00edculo de la Ley 10.729: personas con<strong>\u00a0t\u00edtulo superior no docente<\/strong>\u00a0(universitario o no) que est\u00e9 categorizado con alcance \u201c<strong>habilitante de nivel superior<\/strong>\u201d para cualquier espacio curricular en la educaci\u00f3n secundaria de la provincia, de acuerdo a la\u00a0<a href=\"https:\/\/www.cba.gov.ar\/wp-content\/uploads\/2021\/07\/T%C3%8DTULOS-2022.pdf?csrt=16575795228779743286\">lista anexa 2022<\/a><a href=\"https:\/\/prensa.cba.gov.ar\/informacion-general\/preinscripciones-en-diciembre-trayecto-pedagogico-y-carreras-docentes\/#_ftn1\"><sup>[1]<\/sup><\/a>, y que cumplan con alguna de las siguientes condiciones:<\/p>\n<ul>\n<li><strong>PERFIL A<\/strong>:\u00a0 que se encuentren en actividad frente a aula (dando clases, no en cargos directivos ni jer\u00e1rquicos), en los programas ProA y PIT, con car\u00e1cter de interino y que hayan estado en esa condici\u00f3n a la fecha del 16 de diciembre de 2020 (fecha de entrada en vigencia de la\u00a0<a href=\"https:\/\/legislaturacba.gob.ar\/wp-content\/uploads\/2020\/12\/16-12-2020-LEY-10.729.pdf\">Ley 10729).<\/a><\/li>\n<li><strong>PERFIL B:\u00a0<\/strong>que se encuentren en actividad\u00a0 en el cargo de\u00a0<strong>Coordinador de Curso<\/strong>\u00a0en los programas ProA, PIT o en\u00a0<strong>escuelas de gesti\u00f3n estatal de Educaci\u00f3n Secundaria y sus modalidades<\/strong>, dependientes del Ministerio de Educaci\u00f3n de la Provincia de C\u00f3rdoba con car\u00e1cter de interino y que hayan estado en esa condici\u00f3n a la fecha del 16 de diciembre de 2020 (fecha de entrada en vigencia de la\u00a0<a href=\"https:\/\/legislaturacba.gob.ar\/wp-content\/uploads\/2020\/12\/16-12-2020-LEY-10.729.pdf\">Ley 10729).<\/a><\/li>\n<li><strong>PERFIL C<\/strong>:\u00a0 que se encuentren en actividad frente a aula (dando clases) en\u00a0<strong>escuelas de Educaci\u00f3n Secundaria y sus modalidades, de gesti\u00f3n estatal<\/strong>, dependientes del Ministerio de Educaci\u00f3n de C\u00f3rdoba.\u00a0 (Cupo limitado\/ perfil no prioritario).<\/li>\n<\/ul>\n<p>Se trata de una propuesta de formaci\u00f3n que busca aportar a la profesionalidad docente en aquellos cargos asignados a personas que no cuentan con la formaci\u00f3n pedag\u00f3gico-did\u00e1ctica correspondiente para la Educaci\u00f3n Secundaria.<\/p>\n<p>Este trayecto se dictar\u00e1 bajo la\u00a0<strong><em>modalidad combinada\u00a0<\/em><\/strong>y comenzar\u00e1 a cursarse durante el mes de\u00a0<strong><em>marzo de 2022<\/em><\/strong>. El cursado contemplar\u00e1 instancias sincr\u00f3nicas y asincr\u00f3nicas que se implementar\u00e1n en aulas virtuales, encuentros presenciales, trabajos de campo y pr\u00e1cticas que se realizar\u00e1n en las escuelas asociadas.<\/p>\n<p>PRE INSCRIPCIONES: Deber\u00e1n realizarlo por el Sistema Gesti\u00f3n Estudiantes a trav\u00e9s del CiDi (<a href=\"https:\/\/www.cba.gov.ar\/gestion-estudiantes\/\">https:\/\/www.cba.gov.ar\/gestion-estudiantes\/<\/a>), mediante la opci\u00f3n\u00a0<strong>\u201cPre-Matr\u00edcula Nivel Superior\u201d.<\/strong><\/p>\n<p style=\"text-align: left;\">\n","protected":false},"excerpt":{"rendered":"<p>Formaci\u00f3n Pedag\u00f3gica para Graduados No Docentes (Profesionales y T\u00e9cnicos Superiores): Seg\u00fan \u00a0Resoluci\u00f3n Ministerial N\u00ba 145\/10 Duraci\u00f3n: 2 a\u00f1os. Carga horaria total:\u00a01536 horas c\u00e1tedra de 40 minutos. 1024 horas reloj Modalidad de cursado:\u00a0Combinada. El cursado contemplar\u00e1 instancias sincr\u00f3nicas y asincr\u00f3nicas que se implementar\u00e1n en aulas virtuales, encuentros presenciales, trabajos de campo y pr\u00e1cticas que se realizar\u00e1n &#8230; <a title=\"Formaci\u00f3n Pedag\u00f3gica de Graduados No Docentes (Profesionales y T\u00e9cnicos Superiores)\" class=\"read-more\" href=\"https:\/\/isortiz-cba.infd.edu.ar\/sitio\/formacion-pedagogica-de-graduados-no-docentes-profesionales-y-tecnicos-superiores\/\" aria-label=\"More on Formaci\u00f3n Pedag\u00f3gica de Graduados No Docentes (Profesionales y T\u00e9cnicos Superiores)\">[+]<\/a><\/p>\n","protected":false},"author":47,"featured_media":0,"parent":0,"menu_order":0,"comment_status":"closed","ping_status":"closed","template":"","meta":[],"acf":[],"_links":{"self":[{"href":"https:\/\/isortiz-cba.infd.edu.ar\/sitio\/wp-json\/wp\/v2\/pages\/738"}],"collection":[{"href":"https:\/\/isortiz-cba.infd.edu.ar\/sitio\/wp-json\/wp\/v2\/pages"}],"about":[{"href":"https:\/\/isortiz-cba.infd.edu.ar\/sitio\/wp-json\/wp\/v2\/types\/page"}],"author":[{"embeddable":true,"href":"https:\/\/isortiz-cba.infd.edu.ar\/sitio\/wp-json\/wp\/v2\/users\/47"}],"replies":[{"embeddable":true,"href":"https:\/\/isortiz-cba.infd.edu.ar\/sitio\/wp-json\/wp\/v2\/comments?post=738"}],"version-history":[{"count":13,"href":"https:\/\/isortiz-cba.infd.edu.ar\/sitio\/wp-json\/wp\/v2\/pages\/738\/revisions"}],"predecessor-version":[{"id":2371,"href":"https:\/\/isortiz-cba.infd.edu.ar\/sitio\/wp-json\/wp\/v2\/pages\/738\/revisions\/2371"}],"wp:attachment":[{"href":"https:\/\/isortiz-cba.infd.edu.ar\/sitio\/wp-json\/wp\/v2\/media?parent=738"}],"curies":[{"name":"wp","href":"https:\/\/api.w.org\/{rel}","templated":true}]}}