{"id":725,"date":"2018-08-30T11:55:21","date_gmt":"2018-08-30T14:55:21","guid":{"rendered":"https:\/\/isortiz-cba.infd.edu.ar\/sitio\/profesorado-de-educacion-secundaria-en-economia\/"},"modified":"2026-03-16T20:44:49","modified_gmt":"2026-03-16T23:44:49","slug":"profesorado-de-educacion-secundaria-en-economia","status":"publish","type":"page","link":"https:\/\/isortiz-cba.infd.edu.ar\/sitio\/profesorado-de-educacion-secundaria-en-economia\/","title":{"rendered":"Profesorado de Educaci\u00f3n Secundaria en Econom\u00eda"},"content":{"rendered":"\n<p class=\"has-light-green-cyan-background-color has-background has-normal-font-size\"><strong>INFORMACI\u00d3N CARRERA<\/strong><\/p>\n\n\n\n<ul style=\"font-size:14px\">\n<li><strong>Objetivo<\/strong>:  El&nbsp;Profesorado en Econom\u00eda&nbsp;tiene como objetivo principal la formaci\u00f3n de docentes, brindando los conocimientos, las habilidades y el entrenamiento para un adecuado ejercicio de la docencia en disciplinas afines a su campo profesional. El titulo los y las habilita para el ejercicio docente&nbsp;en el&nbsp;nivel medio de asignaturas como Gesti\u00f3n de la Administraci\u00f3n y Organizaci\u00f3n, Sistemas contables, Econom\u00eda, Finanzas, entre otras. <\/li>\n\n\n\n<li><strong>Duraci\u00f3n<\/strong>: 4 a\u00f1os.<\/li>\n\n\n\n<li><strong>Modalidad de cursado:&nbsp;<\/strong>Combinado<strong>. (Una semana&nbsp;presencial y una semana virtual).<\/strong><\/li>\n\n\n\n<li>Las&nbsp;<strong>clases virtuales<\/strong>&nbsp;incluyen trabajos asincr\u00f3nicos que se implementar\u00e1n en Aulas Virtuales. Las&nbsp;<strong>clases presenciales<\/strong>&nbsp;se cursan de&nbsp;<strong>Lunes a Viernes de 19.00hs a 22.45hs.<\/strong>&nbsp;Incluyen trabajos de campo y pr\u00e1ctica docentes que se realizar\u00e1n en escuelas asociadas.<\/li>\n\n\n\n<li>Se permite solicitar&nbsp;<strong>Equivalencias. Se puede solicitar hasta el 45% de la Carrera.&nbsp;<\/strong><\/li>\n\n\n\n<li>Se permite rendir&nbsp;<strong>asignaturas<\/strong>&nbsp;libres.<\/li>\n\n\n\n<li><strong>Becas Progresar<\/strong><\/li>\n\n\n\n<li>Abonar&nbsp;<strong>contribuci\u00f3n cooperadora.<\/strong><\/li>\n<\/ul>\n\n\n\n<p class=\"has-light-green-cyan-background-color has-background has-normal-font-size\"><strong>PLAN DE ESTUDIO Y MODOS DE ACREDITACI\u00d3N<\/strong><\/p>\n\n\n\n<p style=\"font-size:14px\">En los siguientes enlaces encontrar\u00e1s informaci\u00f3n sobre las Unidades Curriculares de la carrera, formatos y modos de acreditaci\u00f3n:<\/p>\n\n\n\n<ul style=\"font-size:14px\">\n<li><a rel=\"noreferrer noopener\" href=\"https:\/\/isortiz-cba.infd.edu.ar\/sitio\/wp-content\/uploads\/2021\/09\/Plan-de-Estudio-274_19_Profesorado-de-Educacion-Secundaria-en-Economia.docx.pdf\" target=\"_blank\">Plan de Estudio 274_2019_Profesorado de Educaci\u00f3n Secundaria en Econom\u00eda<\/a><\/li>\n\n\n\n<li><a rel=\"noreferrer noopener\" href=\"https:\/\/isortiz-cba.infd.edu.ar\/sitio\/wp-content\/uploads\/2021\/09\/Plan-de-Estudio-147_13_-Profesorado-de-Educacion-Secundaria-en-Economia.pdf\" target=\"_blank\">Plan de Estudio 147_2013_ Profesorado de Educaci\u00f3n Secundaria en Econom\u00eda<\/a><\/li>\n<\/ul>\n\n\n\n<p class=\"has-light-green-cyan-background-color has-background has-normal-font-size\"><strong>CORRELATIVIDADES<\/strong><\/p>\n\n\n\n<p style=\"font-size:14px\"><strong>Ver<\/strong>: <a rel=\"noreferrer noopener\" href=\"https:\/\/isortiz-cba.infd.edu.ar\/sitio\/wp-content\/uploads\/2020\/10\/res_dges_13_14_correlativas.pdf\" target=\"_blank\">Resoluci\u00f3n 13\/2014<\/a><\/p>\n","protected":false},"excerpt":{"rendered":"<p>INFORMACI\u00d3N CARRERA PLAN DE ESTUDIO Y MODOS DE ACREDITACI\u00d3N En los siguientes enlaces encontrar\u00e1s informaci\u00f3n sobre las Unidades Curriculares de la carrera, formatos y modos de acreditaci\u00f3n: CORRELATIVIDADES Ver: Resoluci\u00f3n 13\/2014<\/p>\n","protected":false},"author":47,"featured_media":0,"parent":0,"menu_order":0,"comment_status":"closed","ping_status":"closed","template":"","meta":[],"acf":[],"_links":{"self":[{"href":"https:\/\/isortiz-cba.infd.edu.ar\/sitio\/wp-json\/wp\/v2\/pages\/725"}],"collection":[{"href":"https:\/\/isortiz-cba.infd.edu.ar\/sitio\/wp-json\/wp\/v2\/pages"}],"about":[{"href":"https:\/\/isortiz-cba.infd.edu.ar\/sitio\/wp-json\/wp\/v2\/types\/page"}],"author":[{"embeddable":true,"href":"https:\/\/isortiz-cba.infd.edu.ar\/sitio\/wp-json\/wp\/v2\/users\/47"}],"replies":[{"embeddable":true,"href":"https:\/\/isortiz-cba.infd.edu.ar\/sitio\/wp-json\/wp\/v2\/comments?post=725"}],"version-history":[{"count":14,"href":"https:\/\/isortiz-cba.infd.edu.ar\/sitio\/wp-json\/wp\/v2\/pages\/725\/revisions"}],"predecessor-version":[{"id":5155,"href":"https:\/\/isortiz-cba.infd.edu.ar\/sitio\/wp-json\/wp\/v2\/pages\/725\/revisions\/5155"}],"wp:attachment":[{"href":"https:\/\/isortiz-cba.infd.edu.ar\/sitio\/wp-json\/wp\/v2\/media?parent=725"}],"curies":[{"name":"wp","href":"https:\/\/api.w.org\/{rel}","templated":true}]}}