{"id":5142,"date":"2026-03-04T20:48:49","date_gmt":"2026-03-04T23:48:49","guid":{"rendered":"https:\/\/isortiz-cba.infd.edu.ar\/sitio\/?page_id=5142"},"modified":"2026-04-15T21:50:50","modified_gmt":"2026-04-16T00:50:50","slug":"horarios-2026","status":"publish","type":"page","link":"https:\/\/isortiz-cba.infd.edu.ar\/sitio\/horarios-2026\/","title":{"rendered":"HORARIOS 2026"},"content":{"rendered":"\n<p class=\"has-medium-font-size\"><strong>PROFESORADO DE EDUCACI\u00d3N SECUNDARIA EN ECONOM\u00cdA<\/strong><\/p>\n\n\n\n<div class=\"wp-block-file\"><object class=\"wp-block-file__embed\" data=\"https:\/\/isortiz-cba.infd.edu.ar\/sitio\/wp-content\/uploads\/2026\/04\/PROFESORADO_HORARIO.pdf\" type=\"application\/pdf\" style=\"width:100%;height:600px\" aria-label=\"Incrustado de PROFESORADO_HORARIO.\"><\/object><a id=\"wp-block-file--media-d6251075-93fa-498b-8ceb-242882ab20a9\" href=\"https:\/\/isortiz-cba.infd.edu.ar\/sitio\/wp-content\/uploads\/2026\/04\/PROFESORADO_HORARIO.pdf\">PROFESORADO_HORARIO<\/a><a href=\"https:\/\/isortiz-cba.infd.edu.ar\/sitio\/wp-content\/uploads\/2026\/04\/PROFESORADO_HORARIO.pdf\" class=\"wp-block-file__button wp-element-button\" download aria-describedby=\"wp-block-file--media-d6251075-93fa-498b-8ceb-242882ab20a9\">Descarga<\/a><\/div>\n\n\n\n<p><\/p>\n\n\n\n<p class=\"has-medium-font-size\"><strong>TRAYECTO PEDAG\u00d3GICO<\/strong><\/p>\n\n\n\n<p class=\"has-text-align-left\"><strong>1er A\u00f1o<\/strong><\/p>\n\n\n\n<div class=\"wp-block-file\"><a id=\"wp-block-file--media-9051681e-a0c0-4007-b8a8-3b5704d2281d\" href=\"https:\/\/isortiz-cba.infd.edu.ar\/sitio\/wp-content\/uploads\/2026\/04\/TRAYECTO-1\u00b0-ano-A-1\u00b0-Cuatrimestre.pdf\">TRAYECTO 1\u00b0 A\u00d1O A &#8211; 1\u00b0 Cuatrimestre<\/a><a href=\"https:\/\/isortiz-cba.infd.edu.ar\/sitio\/wp-content\/uploads\/2026\/04\/TRAYECTO-1\u00b0-ano-A-1\u00b0-Cuatrimestre.pdf\" class=\"wp-block-file__button wp-element-button\" download aria-describedby=\"wp-block-file--media-9051681e-a0c0-4007-b8a8-3b5704d2281d\">Descarga<\/a><\/div>\n\n\n\n<div class=\"wp-block-file\"><a id=\"wp-block-file--media-af78cd23-9a31-4652-acd0-55762af9bc0c\" href=\"https:\/\/isortiz-cba.infd.edu.ar\/sitio\/wp-content\/uploads\/2026\/04\/TRAYECTO-1\u00b0-ano-A-2\u00b0-Cuatrimestre.pdf\">TRAYECTO 1\u00b0 A\u00d1O A &#8211; 2\u00b0 Cuatrimestre<\/a><a href=\"https:\/\/isortiz-cba.infd.edu.ar\/sitio\/wp-content\/uploads\/2026\/04\/TRAYECTO-1\u00b0-ano-A-2\u00b0-Cuatrimestre.pdf\" class=\"wp-block-file__button wp-element-button\" download aria-describedby=\"wp-block-file--media-af78cd23-9a31-4652-acd0-55762af9bc0c\">Descarga<\/a><\/div>\n\n\n\n<div class=\"wp-block-file\"><a id=\"wp-block-file--media-727efffa-e34d-4fff-a69b-213fdd6609b4\" href=\"https:\/\/isortiz-cba.infd.edu.ar\/sitio\/wp-content\/uploads\/2026\/04\/TRAYECTO-1\u00b0-ano-B-1\u00b0-Cuatrimestre.pdf\">TRAYECTO 1\u00b0 A\u00d1O B &#8211; 1\u00b0 Cuatrimestre<\/a><a href=\"https:\/\/isortiz-cba.infd.edu.ar\/sitio\/wp-content\/uploads\/2026\/04\/TRAYECTO-1\u00b0-ano-B-1\u00b0-Cuatrimestre.pdf\" class=\"wp-block-file__button wp-element-button\" download aria-describedby=\"wp-block-file--media-727efffa-e34d-4fff-a69b-213fdd6609b4\">Descarga<\/a><\/div>\n\n\n\n<div class=\"wp-block-file\"><a id=\"wp-block-file--media-a39aed97-077e-4d9f-8d53-f5513c3fb107\" href=\"https:\/\/isortiz-cba.infd.edu.ar\/sitio\/wp-content\/uploads\/2026\/04\/TRAYECTO-1\u00b0-ano-B-2\u00b0-Cuatrimestre.pdf\">TRAYECTO 1\u00b0 A\u00d1O B &#8211; 2\u00b0Cuatrimestre<\/a><a href=\"https:\/\/isortiz-cba.infd.edu.ar\/sitio\/wp-content\/uploads\/2026\/04\/TRAYECTO-1\u00b0-ano-B-2\u00b0-Cuatrimestre.pdf\" class=\"wp-block-file__button wp-element-button\" download aria-describedby=\"wp-block-file--media-a39aed97-077e-4d9f-8d53-f5513c3fb107\">Descarga<\/a><\/div>\n\n\n\n<p><strong>2do A\u00f1o<\/strong><\/p>\n\n\n\n<div class=\"wp-block-file\"><a id=\"wp-block-file--media-23d326fd-b72c-47b4-a5c0-bebcc1959d62\" href=\"https:\/\/isortiz-cba.infd.edu.ar\/sitio\/wp-content\/uploads\/2026\/04\/TRAYECTO-2\u00b0-ano-A-1\u00b0-Cuatrimestre.pdf\">TRAYECTO 2\u00b0 A\u00d1O A &#8211; 1\u00b0 Cuatrimestre<\/a><a href=\"https:\/\/isortiz-cba.infd.edu.ar\/sitio\/wp-content\/uploads\/2026\/04\/TRAYECTO-2\u00b0-ano-A-1\u00b0-Cuatrimestre.pdf\" class=\"wp-block-file__button wp-element-button\" download aria-describedby=\"wp-block-file--media-23d326fd-b72c-47b4-a5c0-bebcc1959d62\">Descarga<\/a><\/div>\n\n\n\n<div class=\"wp-block-file\"><a id=\"wp-block-file--media-28e0ca3b-fefb-45b0-b3f0-7cc506ae1f6c\" href=\"https:\/\/isortiz-cba.infd.edu.ar\/sitio\/wp-content\/uploads\/2026\/04\/TRAYECTO-2\u00b0-ano-A-2\u00b0-Cuatrimestre.pdf\">TRAYECTO 2\u00b0 A\u00d1O A &#8211; 2\u00b0 Cuatrimestre<\/a><a href=\"https:\/\/isortiz-cba.infd.edu.ar\/sitio\/wp-content\/uploads\/2026\/04\/TRAYECTO-2\u00b0-ano-A-2\u00b0-Cuatrimestre.pdf\" class=\"wp-block-file__button wp-element-button\" download aria-describedby=\"wp-block-file--media-28e0ca3b-fefb-45b0-b3f0-7cc506ae1f6c\">Descarga<\/a><\/div>\n\n\n\n<div class=\"wp-block-file\"><a id=\"wp-block-file--media-04127958-5d26-4253-a8f8-5f7160163af8\" href=\"https:\/\/isortiz-cba.infd.edu.ar\/sitio\/wp-content\/uploads\/2026\/04\/TRAYECTO-2\u00b0-ano-B-1\u00b0-Cuatrimestre.pdf\">TRAYECTO 2\u00b0 A\u00d1O B &#8211; 1\u00b0 Cuatrimestre<\/a><a href=\"https:\/\/isortiz-cba.infd.edu.ar\/sitio\/wp-content\/uploads\/2026\/04\/TRAYECTO-2\u00b0-ano-B-1\u00b0-Cuatrimestre.pdf\" class=\"wp-block-file__button wp-element-button\" download aria-describedby=\"wp-block-file--media-04127958-5d26-4253-a8f8-5f7160163af8\">Descarga<\/a><\/div>\n\n\n\n<div class=\"wp-block-file\"><a id=\"wp-block-file--media-1bba2010-ba98-40aa-b73d-07a0a35391dc\" href=\"https:\/\/isortiz-cba.infd.edu.ar\/sitio\/wp-content\/uploads\/2026\/04\/TRAYECTO-2\u00b0-ano-B-2\u00b0-Cuatrimestre.pdf\">TRAYECTO 2\u00b0A\u00d1O B &#8211; 2\u00b0 Cuatrimestre<\/a><a href=\"https:\/\/isortiz-cba.infd.edu.ar\/sitio\/wp-content\/uploads\/2026\/04\/TRAYECTO-2\u00b0-ano-B-2\u00b0-Cuatrimestre.pdf\" class=\"wp-block-file__button wp-element-button\" download aria-describedby=\"wp-block-file--media-1bba2010-ba98-40aa-b73d-07a0a35391dc\">Descarga<\/a><\/div>\n","protected":false},"excerpt":{"rendered":"<p>PROFESORADO DE EDUCACI\u00d3N SECUNDARIA EN ECONOM\u00cdA TRAYECTO PEDAG\u00d3GICO 1er A\u00f1o 2do A\u00f1o<\/p>\n","protected":false},"author":511,"featured_media":0,"parent":0,"menu_order":0,"comment_status":"closed","ping_status":"closed","template":"","meta":[],"acf":[],"_links":{"self":[{"href":"https:\/\/isortiz-cba.infd.edu.ar\/sitio\/wp-json\/wp\/v2\/pages\/5142"}],"collection":[{"href":"https:\/\/isortiz-cba.infd.edu.ar\/sitio\/wp-json\/wp\/v2\/pages"}],"about":[{"href":"https:\/\/isortiz-cba.infd.edu.ar\/sitio\/wp-json\/wp\/v2\/types\/page"}],"author":[{"embeddable":true,"href":"https:\/\/isortiz-cba.infd.edu.ar\/sitio\/wp-json\/wp\/v2\/users\/511"}],"replies":[{"embeddable":true,"href":"https:\/\/isortiz-cba.infd.edu.ar\/sitio\/wp-json\/wp\/v2\/comments?post=5142"}],"version-history":[{"count":6,"href":"https:\/\/isortiz-cba.infd.edu.ar\/sitio\/wp-json\/wp\/v2\/pages\/5142\/revisions"}],"predecessor-version":[{"id":5175,"href":"https:\/\/isortiz-cba.infd.edu.ar\/sitio\/wp-json\/wp\/v2\/pages\/5142\/revisions\/5175"}],"wp:attachment":[{"href":"https:\/\/isortiz-cba.infd.edu.ar\/sitio\/wp-json\/wp\/v2\/media?parent=5142"}],"curies":[{"name":"wp","href":"https:\/\/api.w.org\/{rel}","templated":true}]}}