{"id":5131,"date":"2026-02-25T20:12:07","date_gmt":"2026-02-25T23:12:07","guid":{"rendered":"https:\/\/isortiz-cba.infd.edu.ar\/sitio\/?page_id=5131"},"modified":"2026-02-25T20:24:38","modified_gmt":"2026-02-25T23:24:38","slug":"solicitud-de-equivalencia","status":"publish","type":"page","link":"https:\/\/isortiz-cba.infd.edu.ar\/sitio\/solicitud-de-equivalencia\/","title":{"rendered":"SOLICITUD DE EQUIVALENCIAS"},"content":{"rendered":"\n<p><strong>Fecha<\/strong>: hasta el 10 de abril.<\/p>\n\n\n\n<p><strong>Horario<\/strong>: 19 a 21hs<\/p>\n\n\n\n<p>Presentar en Secretaria <strong>un folio<\/strong> <strong>por espacio curricular<\/strong> que contenga:<\/p>\n\n\n\n<p><strong>1.Formulario de Equivalencia<\/strong><\/p>\n\n\n\n<ol><\/ol>\n\n\n\n<p>Indicar claramente el nombre de la materia de <strong>origen <\/strong>(aprobada), <strong>instituto <\/strong>que lo otorga y el nombre de la materia de <strong>destino <\/strong>(la que solicita equivalencia).<\/p>\n\n\n\n<div class=\"wp-block-file\"><a id=\"wp-block-file--media-268a4133-e832-446a-9bcb-a50c07649bb3\" href=\"https:\/\/isortiz-cba.infd.edu.ar\/sitio\/wp-content\/uploads\/2026\/02\/FORMULARIO-DE-SOLICITUD-DE-EQUIVALENCIAS.pdf\">FORMULARIO-DE-SOLICITUD-DE-EQUIVALENCIAS<\/a><a href=\"https:\/\/isortiz-cba.infd.edu.ar\/sitio\/wp-content\/uploads\/2026\/02\/FORMULARIO-DE-SOLICITUD-DE-EQUIVALENCIAS.pdf\" class=\"wp-block-file__button wp-element-button\" download aria-describedby=\"wp-block-file--media-268a4133-e832-446a-9bcb-a50c07649bb3\"><br>Descarga<\/a><\/div>\n\n\n\n<p><\/p>\n\n\n\n<p> <strong>2. Programa de la Materia:<\/strong><\/p>\n\n\n\n<p>Debe corresponder exactamente al a\u00f1o en que se aprob\u00f3 la materia.<\/p>\n\n\n\n<p>Cada hoja debe tener el sello y firma original de la instituci\u00f3n de origen (o el c\u00f3digo QR de validaci\u00f3n digital).<\/p>\n\n\n\n<p>3. <strong>Fotocopia del Certificado Anal\u00edtico en cada folio.<\/strong><\/p>\n","protected":false},"excerpt":{"rendered":"<p>Fecha: hasta el 10 de abril. Horario: 19 a 21hs Presentar en Secretaria un folio por espacio curricular que contenga: 1.Formulario de Equivalencia Indicar claramente el nombre de la materia de origen (aprobada), instituto que lo otorga y el nombre de la materia de destino (la que solicita equivalencia). 2. Programa de la Materia: Debe &#8230; <a title=\"SOLICITUD DE EQUIVALENCIAS\" class=\"read-more\" href=\"https:\/\/isortiz-cba.infd.edu.ar\/sitio\/solicitud-de-equivalencia\/\" aria-label=\"More on SOLICITUD DE EQUIVALENCIAS\">[+]<\/a><\/p>\n","protected":false},"author":511,"featured_media":0,"parent":0,"menu_order":0,"comment_status":"closed","ping_status":"closed","template":"","meta":[],"acf":[],"_links":{"self":[{"href":"https:\/\/isortiz-cba.infd.edu.ar\/sitio\/wp-json\/wp\/v2\/pages\/5131"}],"collection":[{"href":"https:\/\/isortiz-cba.infd.edu.ar\/sitio\/wp-json\/wp\/v2\/pages"}],"about":[{"href":"https:\/\/isortiz-cba.infd.edu.ar\/sitio\/wp-json\/wp\/v2\/types\/page"}],"author":[{"embeddable":true,"href":"https:\/\/isortiz-cba.infd.edu.ar\/sitio\/wp-json\/wp\/v2\/users\/511"}],"replies":[{"embeddable":true,"href":"https:\/\/isortiz-cba.infd.edu.ar\/sitio\/wp-json\/wp\/v2\/comments?post=5131"}],"version-history":[{"count":5,"href":"https:\/\/isortiz-cba.infd.edu.ar\/sitio\/wp-json\/wp\/v2\/pages\/5131\/revisions"}],"predecessor-version":[{"id":5141,"href":"https:\/\/isortiz-cba.infd.edu.ar\/sitio\/wp-json\/wp\/v2\/pages\/5131\/revisions\/5141"}],"wp:attachment":[{"href":"https:\/\/isortiz-cba.infd.edu.ar\/sitio\/wp-json\/wp\/v2\/media?parent=5131"}],"curies":[{"name":"wp","href":"https:\/\/api.w.org\/{rel}","templated":true}]}}