{"id":4700,"date":"2025-06-02T20:30:26","date_gmt":"2025-06-02T23:30:26","guid":{"rendered":"https:\/\/isortiz-cba.infd.edu.ar\/sitio\/?page_id=4700"},"modified":"2025-06-02T20:30:28","modified_gmt":"2025-06-02T23:30:28","slug":"biblioteca-2","status":"publish","type":"page","link":"https:\/\/isortiz-cba.infd.edu.ar\/sitio\/biblioteca-2\/","title":{"rendered":"BIBLIOTECA"},"content":{"rendered":"\n<h2 class=\"wp-block-heading\"><\/h2>\n\n\n\n<p>La Biblioteca <strong>\u00abDr. Rub\u00e9n Ernesto Ael\u00bb,<\/strong> del Instituto Superior \u00abOrtiz y Herrera\u00bb, funciona de lunes a viernes en el horario de 19 a 22:30 hs.<\/p>\n\n\n\n<p>Contiene libros y materiales sobre disciplinas como econom\u00eda, contabilidad, derecho y educaci\u00f3n. Tambi\u00e9n dispone de cierta cantidad de obras literarias y de obras de consulta (diccionarios, enciclopedias, c\u00f3digos), as\u00ed como de <em>netbooks<\/em> y retroproyectores para pr\u00e9stamos para el aula.<\/p>\n\n\n\n<p>Se realizan pr\u00e9stamos para el aula y a domicilio. Para estos \u00faltimos es necesario inscribirse como socio, para lo cual se requiere:<\/p>\n\n\n\n<p>&#8211; <strong>Alumnos<\/strong>: estar inscriptos en el ciclo lectivo en curso y presentar foto carnet.<\/p>\n\n\n\n<p><strong>&#8211; Docentes y no-docentes<\/strong>: estar incluidos en el registro de personal del instituto y presentar foto carnet.<\/p>\n\n\n\n<p>La biblioteca cuenta con un cat\u00e1logo en l\u00ednea, en el que pueden realizarse b\u00fasquedas por autor, t\u00edtulo y tema, entre otras.<\/p>\n\n\n\n<p><a href=\"https:\/\/www.librarything.com\/catalog\/bibliotecaael\">https:\/\/www.librarything.com\/catalog\/bibliotecaael<\/a><\/p>\n\n\n\n<p>E-mail de la biblioteca: <a href=\"mailto:bibliotecadrael@gmail.com\">bibliotecadrael@gmail.com<\/a><\/p>\n\n\n\n<p><strong>Bibliotecario: Eliseo Monteros<\/strong><\/p>\n","protected":false},"excerpt":{"rendered":"<p>La Biblioteca \u00abDr. Rub\u00e9n Ernesto Ael\u00bb, del Instituto Superior \u00abOrtiz y Herrera\u00bb, funciona de lunes a viernes en el horario de 19 a 22:30 hs. Contiene libros y materiales sobre disciplinas como econom\u00eda, contabilidad, derecho y educaci\u00f3n. Tambi\u00e9n dispone de cierta cantidad de obras literarias y de obras de consulta (diccionarios, enciclopedias, c\u00f3digos), as\u00ed como &#8230; <a title=\"BIBLIOTECA\" class=\"read-more\" href=\"https:\/\/isortiz-cba.infd.edu.ar\/sitio\/biblioteca-2\/\" aria-label=\"More on BIBLIOTECA\">[+]<\/a><\/p>\n","protected":false},"author":511,"featured_media":0,"parent":0,"menu_order":0,"comment_status":"closed","ping_status":"closed","template":"","meta":[],"acf":[],"_links":{"self":[{"href":"https:\/\/isortiz-cba.infd.edu.ar\/sitio\/wp-json\/wp\/v2\/pages\/4700"}],"collection":[{"href":"https:\/\/isortiz-cba.infd.edu.ar\/sitio\/wp-json\/wp\/v2\/pages"}],"about":[{"href":"https:\/\/isortiz-cba.infd.edu.ar\/sitio\/wp-json\/wp\/v2\/types\/page"}],"author":[{"embeddable":true,"href":"https:\/\/isortiz-cba.infd.edu.ar\/sitio\/wp-json\/wp\/v2\/users\/511"}],"replies":[{"embeddable":true,"href":"https:\/\/isortiz-cba.infd.edu.ar\/sitio\/wp-json\/wp\/v2\/comments?post=4700"}],"version-history":[{"count":1,"href":"https:\/\/isortiz-cba.infd.edu.ar\/sitio\/wp-json\/wp\/v2\/pages\/4700\/revisions"}],"predecessor-version":[{"id":4701,"href":"https:\/\/isortiz-cba.infd.edu.ar\/sitio\/wp-json\/wp\/v2\/pages\/4700\/revisions\/4701"}],"wp:attachment":[{"href":"https:\/\/isortiz-cba.infd.edu.ar\/sitio\/wp-json\/wp\/v2\/media?parent=4700"}],"curies":[{"name":"wp","href":"https:\/\/api.w.org\/{rel}","templated":true}]}}