{"id":4669,"date":"2025-05-26T20:07:00","date_gmt":"2025-05-26T23:07:00","guid":{"rendered":"https:\/\/isortiz-cba.infd.edu.ar\/sitio\/?page_id=4669"},"modified":"2025-05-26T20:07:02","modified_gmt":"2025-05-26T23:07:02","slug":"visita-virtual-guiada-al-museo-del-bcra","status":"publish","type":"page","link":"https:\/\/isortiz-cba.infd.edu.ar\/sitio\/visita-virtual-guiada-al-museo-del-bcra\/","title":{"rendered":"Visita virtual guiada al museo del BCRA"},"content":{"rendered":"\n<p>Visita virtual guiada que se realiz\u00f3 al museo del Banco Central de la Rep\u00fablica Argentina, en el marco de la unidad correspondiente a dinero y su evoluci\u00f3n\u00a0de Econom\u00eda Financiera junto al Profesor Oayarzabal Eduardo y los estudiantes de 4 a\u00f1o. <\/p>\n\n\n<div class=\"wp-block-image\">\n<figure class=\"aligncenter size-full\"><img decoding=\"async\" loading=\"lazy\" width=\"606\" height=\"549\" src=\"https:\/\/isortiz-cba.infd.edu.ar\/sitio\/wp-content\/uploads\/2025\/05\/1748289716890blob.png\" alt=\"\" class=\"wp-image-4670\"\/><\/figure><\/div>\n\n<div class=\"wp-block-image\">\n<figure class=\"aligncenter size-full\"><img decoding=\"async\" loading=\"lazy\" width=\"580\" height=\"463\" src=\"https:\/\/isortiz-cba.infd.edu.ar\/sitio\/wp-content\/uploads\/2025\/05\/1748289755828blob.png\" alt=\"\" class=\"wp-image-4671\"\/><\/figure><\/div>\n\n<div class=\"wp-block-image\">\n<figure class=\"aligncenter size-full\"><img decoding=\"async\" loading=\"lazy\" width=\"565\" height=\"228\" src=\"https:\/\/isortiz-cba.infd.edu.ar\/sitio\/wp-content\/uploads\/2025\/05\/1748289785975blob.png\" alt=\"\" class=\"wp-image-4672\"\/><\/figure><\/div>\n\n<div class=\"wp-block-image\">\n<figure class=\"aligncenter size-full\"><img decoding=\"async\" loading=\"lazy\" width=\"566\" height=\"473\" src=\"https:\/\/isortiz-cba.infd.edu.ar\/sitio\/wp-content\/uploads\/2025\/05\/1748289814318blob.png\" alt=\"\" class=\"wp-image-4673\"\/><\/figure><\/div>\n\n<div class=\"wp-block-image\">\n<figure class=\"aligncenter size-full\"><img decoding=\"async\" loading=\"lazy\" width=\"571\" height=\"526\" src=\"https:\/\/isortiz-cba.infd.edu.ar\/sitio\/wp-content\/uploads\/2025\/05\/1748289899948blob.png\" alt=\"\" class=\"wp-image-4674\"\/><\/figure><\/div>","protected":false},"excerpt":{"rendered":"<p>Visita virtual guiada que se realiz\u00f3 al museo del Banco Central de la Rep\u00fablica Argentina, en el marco de la unidad correspondiente a dinero y su evoluci\u00f3n\u00a0de Econom\u00eda Financiera junto al Profesor Oayarzabal Eduardo y los estudiantes de 4 a\u00f1o.<\/p>\n","protected":false},"author":511,"featured_media":4675,"parent":0,"menu_order":0,"comment_status":"closed","ping_status":"closed","template":"","meta":[],"acf":[],"_links":{"self":[{"href":"https:\/\/isortiz-cba.infd.edu.ar\/sitio\/wp-json\/wp\/v2\/pages\/4669"}],"collection":[{"href":"https:\/\/isortiz-cba.infd.edu.ar\/sitio\/wp-json\/wp\/v2\/pages"}],"about":[{"href":"https:\/\/isortiz-cba.infd.edu.ar\/sitio\/wp-json\/wp\/v2\/types\/page"}],"author":[{"embeddable":true,"href":"https:\/\/isortiz-cba.infd.edu.ar\/sitio\/wp-json\/wp\/v2\/users\/511"}],"replies":[{"embeddable":true,"href":"https:\/\/isortiz-cba.infd.edu.ar\/sitio\/wp-json\/wp\/v2\/comments?post=4669"}],"version-history":[{"count":1,"href":"https:\/\/isortiz-cba.infd.edu.ar\/sitio\/wp-json\/wp\/v2\/pages\/4669\/revisions"}],"predecessor-version":[{"id":4676,"href":"https:\/\/isortiz-cba.infd.edu.ar\/sitio\/wp-json\/wp\/v2\/pages\/4669\/revisions\/4676"}],"wp:featuredmedia":[{"embeddable":true,"href":"https:\/\/isortiz-cba.infd.edu.ar\/sitio\/wp-json\/wp\/v2\/media\/4675"}],"wp:attachment":[{"href":"https:\/\/isortiz-cba.infd.edu.ar\/sitio\/wp-json\/wp\/v2\/media?parent=4669"}],"curies":[{"name":"wp","href":"https:\/\/api.w.org\/{rel}","templated":true}]}}