{"id":4646,"date":"2024-11-20T19:40:00","date_gmt":"2024-11-20T22:40:00","guid":{"rendered":"https:\/\/isortiz-cba.infd.edu.ar\/sitio\/?page_id=4646"},"modified":"2025-05-21T19:45:26","modified_gmt":"2025-05-21T22:45:26","slug":"programa-tecno","status":"publish","type":"page","link":"https:\/\/isortiz-cba.infd.edu.ar\/sitio\/programa-tecno\/","title":{"rendered":"PROGRAMA TECNO"},"content":{"rendered":"\n<p>Entrega de netbooks del programa Tecno presente a estudiantes del Profesorado en Econom\u00eda del Instituto Ortiz y Herrera por parte del Ministerio de Educaci\u00f3n de la Provincia de C\u00f3rdoba.<\/p>\n\n\n\n<figure class=\"wp-block-image size-full\"><img decoding=\"async\" loading=\"lazy\" width=\"1280\" height=\"720\" src=\"https:\/\/isortiz-cba.infd.edu.ar\/sitio\/wp-content\/uploads\/2025\/05\/WhatsApp-Image-2025-05-13-at-21.45.41.jpeg\" alt=\"\" class=\"wp-image-4648\" srcset=\"https:\/\/isortiz-cba.infd.edu.ar\/sitio\/wp-content\/uploads\/2025\/05\/WhatsApp-Image-2025-05-13-at-21.45.41.jpeg 1280w, https:\/\/isortiz-cba.infd.edu.ar\/sitio\/wp-content\/uploads\/2025\/05\/WhatsApp-Image-2025-05-13-at-21.45.41-1000x563.jpeg 1000w, https:\/\/isortiz-cba.infd.edu.ar\/sitio\/wp-content\/uploads\/2025\/05\/WhatsApp-Image-2025-05-13-at-21.45.41-768x432.jpeg 768w\" sizes=\"(max-width: 1280px) 100vw, 1280px\" \/><\/figure>\n\n\n\n<figure class=\"wp-block-image size-full\"><img decoding=\"async\" loading=\"lazy\" width=\"1280\" height=\"720\" src=\"https:\/\/isortiz-cba.infd.edu.ar\/sitio\/wp-content\/uploads\/2025\/05\/WhatsApp-Image-2025-05-13-at-21.45.42.jpeg\" alt=\"\" class=\"wp-image-4649\" srcset=\"https:\/\/isortiz-cba.infd.edu.ar\/sitio\/wp-content\/uploads\/2025\/05\/WhatsApp-Image-2025-05-13-at-21.45.42.jpeg 1280w, https:\/\/isortiz-cba.infd.edu.ar\/sitio\/wp-content\/uploads\/2025\/05\/WhatsApp-Image-2025-05-13-at-21.45.42-1000x563.jpeg 1000w, https:\/\/isortiz-cba.infd.edu.ar\/sitio\/wp-content\/uploads\/2025\/05\/WhatsApp-Image-2025-05-13-at-21.45.42-768x432.jpeg 768w\" sizes=\"(max-width: 1280px) 100vw, 1280px\" \/><\/figure>\n\n\n\n<figure class=\"wp-block-image\"><img alt=\"\"\/><\/figure>\n","protected":false},"excerpt":{"rendered":"<p>Entrega de netbooks del programa Tecno presente a estudiantes del Profesorado en Econom\u00eda del Instituto Ortiz y Herrera por parte del Ministerio de Educaci\u00f3n de la Provincia de C\u00f3rdoba.<\/p>\n","protected":false},"author":511,"featured_media":4647,"parent":0,"menu_order":0,"comment_status":"closed","ping_status":"closed","template":"","meta":[],"acf":[],"_links":{"self":[{"href":"https:\/\/isortiz-cba.infd.edu.ar\/sitio\/wp-json\/wp\/v2\/pages\/4646"}],"collection":[{"href":"https:\/\/isortiz-cba.infd.edu.ar\/sitio\/wp-json\/wp\/v2\/pages"}],"about":[{"href":"https:\/\/isortiz-cba.infd.edu.ar\/sitio\/wp-json\/wp\/v2\/types\/page"}],"author":[{"embeddable":true,"href":"https:\/\/isortiz-cba.infd.edu.ar\/sitio\/wp-json\/wp\/v2\/users\/511"}],"replies":[{"embeddable":true,"href":"https:\/\/isortiz-cba.infd.edu.ar\/sitio\/wp-json\/wp\/v2\/comments?post=4646"}],"version-history":[{"count":1,"href":"https:\/\/isortiz-cba.infd.edu.ar\/sitio\/wp-json\/wp\/v2\/pages\/4646\/revisions"}],"predecessor-version":[{"id":4650,"href":"https:\/\/isortiz-cba.infd.edu.ar\/sitio\/wp-json\/wp\/v2\/pages\/4646\/revisions\/4650"}],"wp:featuredmedia":[{"embeddable":true,"href":"https:\/\/isortiz-cba.infd.edu.ar\/sitio\/wp-json\/wp\/v2\/media\/4647"}],"wp:attachment":[{"href":"https:\/\/isortiz-cba.infd.edu.ar\/sitio\/wp-json\/wp\/v2\/media?parent=4646"}],"curies":[{"name":"wp","href":"https:\/\/api.w.org\/{rel}","templated":true}]}}