{"id":3895,"date":"2023-10-27T22:08:46","date_gmt":"2023-10-28T01:08:46","guid":{"rendered":"https:\/\/isortiz-cba.infd.edu.ar\/sitio\/?page_id=3895"},"modified":"2023-10-31T19:26:30","modified_gmt":"2023-10-31T22:26:30","slug":"talleres-integradores","status":"publish","type":"page","link":"https:\/\/isortiz-cba.infd.edu.ar\/sitio\/talleres-integradores\/","title":{"rendered":"TALLERES INTEGRADORES"},"content":{"rendered":"\n<h4 class=\"wp-block-heading\">2do a\u00f1o<\/h4>\n\n\n\n<p>El jueves 26 de octubre, los estudiantes de 2\u00b0 a\u00f1o del Profesorado de Educaci\u00f3n Secundaria en Econom\u00eda participaron del <strong>Taller sistematizaci\u00f3n del saber pedag\u00f3gico: la experiencia de la escritura como un modo de socializaci\u00f3n de las experiencias de las pr\u00e1cticas.<\/strong> El encuentro cont\u00f3 con la participaci\u00f3n de la especialista invitada Prof. Lic. Silvana Rodr\u00edguez. <\/p>\n\n\n\n<figure class=\"wp-block-image size-full\"><img decoding=\"async\" loading=\"lazy\" width=\"1168\" height=\"656\" src=\"https:\/\/isortiz-cba.infd.edu.ar\/sitio\/wp-content\/uploads\/2023\/10\/WhatsApp-Image-2023-10-26-at-21.18.40.jpeg\" alt=\"\" class=\"wp-image-3897\" srcset=\"https:\/\/isortiz-cba.infd.edu.ar\/sitio\/wp-content\/uploads\/2023\/10\/WhatsApp-Image-2023-10-26-at-21.18.40.jpeg 1168w, https:\/\/isortiz-cba.infd.edu.ar\/sitio\/wp-content\/uploads\/2023\/10\/WhatsApp-Image-2023-10-26-at-21.18.40-1000x562.jpeg 1000w, https:\/\/isortiz-cba.infd.edu.ar\/sitio\/wp-content\/uploads\/2023\/10\/WhatsApp-Image-2023-10-26-at-21.18.40-768x431.jpeg 768w\" sizes=\"(max-width: 1168px) 100vw, 1168px\" \/><\/figure>\n\n\n\n<figure class=\"wp-block-image size-full\"><img decoding=\"async\" loading=\"lazy\" width=\"1168\" height=\"656\" src=\"https:\/\/isortiz-cba.infd.edu.ar\/sitio\/wp-content\/uploads\/2023\/10\/WhatsApp-Image-2023-10-26-at-21.18.37.jpeg\" alt=\"\" class=\"wp-image-3923\" srcset=\"https:\/\/isortiz-cba.infd.edu.ar\/sitio\/wp-content\/uploads\/2023\/10\/WhatsApp-Image-2023-10-26-at-21.18.37.jpeg 1168w, https:\/\/isortiz-cba.infd.edu.ar\/sitio\/wp-content\/uploads\/2023\/10\/WhatsApp-Image-2023-10-26-at-21.18.37-1000x562.jpeg 1000w, https:\/\/isortiz-cba.infd.edu.ar\/sitio\/wp-content\/uploads\/2023\/10\/WhatsApp-Image-2023-10-26-at-21.18.37-768x431.jpeg 768w\" sizes=\"(max-width: 1168px) 100vw, 1168px\" \/><\/figure>\n\n\n\n<h4 class=\"wp-block-heading\">4to a\u00f1o<\/h4>\n\n\n\n<p>El mismo d\u00eda, los alumnos de 4to a\u00f1o del Profesorado de Educaci\u00f3n Secundaria en Econom\u00eda, participaron del <strong>Taller Integrador del Seminario Pr\u00e1ctica Docente IV<\/strong>. <\/p>\n\n\n\n<figure class=\"wp-block-image size-full\"><img decoding=\"async\" loading=\"lazy\" width=\"1168\" height=\"656\" src=\"https:\/\/isortiz-cba.infd.edu.ar\/sitio\/wp-content\/uploads\/2023\/10\/WhatsApp-Image-2023-10-26-at-21.18.35.jpeg\" alt=\"\" class=\"wp-image-3899\" srcset=\"https:\/\/isortiz-cba.infd.edu.ar\/sitio\/wp-content\/uploads\/2023\/10\/WhatsApp-Image-2023-10-26-at-21.18.35.jpeg 1168w, https:\/\/isortiz-cba.infd.edu.ar\/sitio\/wp-content\/uploads\/2023\/10\/WhatsApp-Image-2023-10-26-at-21.18.35-1000x562.jpeg 1000w, https:\/\/isortiz-cba.infd.edu.ar\/sitio\/wp-content\/uploads\/2023\/10\/WhatsApp-Image-2023-10-26-at-21.18.35-768x431.jpeg 768w\" sizes=\"(max-width: 1168px) 100vw, 1168px\" \/><\/figure>\n\n\n\n<figure class=\"wp-block-image size-full\"><img decoding=\"async\" loading=\"lazy\" width=\"1168\" height=\"656\" src=\"https:\/\/isortiz-cba.infd.edu.ar\/sitio\/wp-content\/uploads\/2023\/10\/WhatsApp-Image-2023-10-26-at-21.16.35.jpeg\" alt=\"\" class=\"wp-image-3900\" srcset=\"https:\/\/isortiz-cba.infd.edu.ar\/sitio\/wp-content\/uploads\/2023\/10\/WhatsApp-Image-2023-10-26-at-21.16.35.jpeg 1168w, https:\/\/isortiz-cba.infd.edu.ar\/sitio\/wp-content\/uploads\/2023\/10\/WhatsApp-Image-2023-10-26-at-21.16.35-1000x562.jpeg 1000w, https:\/\/isortiz-cba.infd.edu.ar\/sitio\/wp-content\/uploads\/2023\/10\/WhatsApp-Image-2023-10-26-at-21.16.35-768x431.jpeg 768w\" sizes=\"(max-width: 1168px) 100vw, 1168px\" \/><\/figure>\n","protected":false},"excerpt":{"rendered":"<p>2do a\u00f1o El jueves 26 de octubre, los estudiantes de 2\u00b0 a\u00f1o del Profesorado de Educaci\u00f3n Secundaria en Econom\u00eda participaron del Taller sistematizaci\u00f3n del saber pedag\u00f3gico: la experiencia de la escritura como un modo de socializaci\u00f3n de las experiencias de las pr\u00e1cticas. El encuentro cont\u00f3 con la participaci\u00f3n de la especialista invitada Prof. Lic. Silvana &#8230; <a title=\"TALLERES INTEGRADORES\" class=\"read-more\" href=\"https:\/\/isortiz-cba.infd.edu.ar\/sitio\/talleres-integradores\/\" aria-label=\"More on TALLERES INTEGRADORES\">[+]<\/a><\/p>\n","protected":false},"author":1120,"featured_media":3917,"parent":0,"menu_order":0,"comment_status":"closed","ping_status":"closed","template":"","meta":[],"acf":[],"_links":{"self":[{"href":"https:\/\/isortiz-cba.infd.edu.ar\/sitio\/wp-json\/wp\/v2\/pages\/3895"}],"collection":[{"href":"https:\/\/isortiz-cba.infd.edu.ar\/sitio\/wp-json\/wp\/v2\/pages"}],"about":[{"href":"https:\/\/isortiz-cba.infd.edu.ar\/sitio\/wp-json\/wp\/v2\/types\/page"}],"author":[{"embeddable":true,"href":"https:\/\/isortiz-cba.infd.edu.ar\/sitio\/wp-json\/wp\/v2\/users\/1120"}],"replies":[{"embeddable":true,"href":"https:\/\/isortiz-cba.infd.edu.ar\/sitio\/wp-json\/wp\/v2\/comments?post=3895"}],"version-history":[{"count":4,"href":"https:\/\/isortiz-cba.infd.edu.ar\/sitio\/wp-json\/wp\/v2\/pages\/3895\/revisions"}],"predecessor-version":[{"id":3928,"href":"https:\/\/isortiz-cba.infd.edu.ar\/sitio\/wp-json\/wp\/v2\/pages\/3895\/revisions\/3928"}],"wp:featuredmedia":[{"embeddable":true,"href":"https:\/\/isortiz-cba.infd.edu.ar\/sitio\/wp-json\/wp\/v2\/media\/3917"}],"wp:attachment":[{"href":"https:\/\/isortiz-cba.infd.edu.ar\/sitio\/wp-json\/wp\/v2\/media?parent=3895"}],"curies":[{"name":"wp","href":"https:\/\/api.w.org\/{rel}","templated":true}]}}