{"id":3118,"date":"2022-10-21T20:29:05","date_gmt":"2022-10-21T23:29:05","guid":{"rendered":"https:\/\/isortiz-cba.infd.edu.ar\/sitio\/?page_id=3118"},"modified":"2023-02-16T17:29:13","modified_gmt":"2023-02-16T20:29:13","slug":"pre-inscripciones-profesorado-de-educacion-secundaria-en-economia","status":"publish","type":"page","link":"https:\/\/isortiz-cba.infd.edu.ar\/sitio\/pre-inscripciones-profesorado-de-educacion-secundaria-en-economia\/","title":{"rendered":"INSCRIPCIONES \/ PROFESORADO DE EDUCACI\u00d3N SECUNDARIA EN ECONOM\u00cdA"},"content":{"rendered":"\n<p class=\"has-black-color has-light-green-cyan-background-color has-text-color has-background\" style=\"font-size:16px\"><strong>CARRERA: PROFESORADO DE EDUCACI\u00d3N SECUNDARIA EN ECONOM\u00cdA \u2013\u00a0<\/strong>VALIDEZ NACIONAL<\/p>\n\n\n\n<ul>\n<li><strong>Duraci\u00f3n<\/strong>: 4 a\u00f1os.<\/li>\n\n\n\n<li><strong>Modalidad de cursado: <\/strong>Combinado<strong>. (Una semana&nbsp;presencial y una semana virtual). <\/strong><\/li>\n\n\n\n<li>Las <strong>clases virtuales<\/strong> incluyen trabajos asincr\u00f3nicos que se implementar\u00e1n en Aulas Virtuales. Las <strong>clases presenciales<\/strong> se cursan de <strong>Lunes a Viernes de 18.20hs a 22.45hs.<\/strong> Incluyen trabajos de campo y pr\u00e1ctica docentes que se realizar\u00e1n en escuelas asociadas. <\/li>\n\n\n\n<li>Se permite solicitar&nbsp;<strong>Equivalencias. Se puede solicitar hasta el 45% de la Carrera.&nbsp;<\/strong><\/li>\n\n\n\n<li>Se permite rendir&nbsp;<strong>asignaturas<\/strong>&nbsp;libres.<\/li>\n\n\n\n<li><strong>Becas Progresar<\/strong><\/li>\n\n\n\n<li>Abonar&nbsp;<strong>contribuci\u00f3n cooperadora.<\/strong><\/li>\n<\/ul>\n\n\n\n<p class=\"has-black-color has-text-color\" style=\"font-size:16px\">En los siguientes enlaces encontrar\u00e1s informaci\u00f3n sobre las Unidades Curriculares de la carrera, formatos y modos de acreditaci\u00f3n: <a rel=\"noreferrer noopener\" href=\"https:\/\/isortiz-cba.infd.edu.ar\/sitio\/wp-content\/uploads\/2021\/09\/Plan-de-Estudio-274_19_Profesorado-de-Educacion-Secundaria-en-Economia.docx.pdf\" target=\"_blank\">Plan de Estudio 274_2019_Profesorado de Educaci\u00f3n Secundaria en Econom\u00eda<\/a><\/p>\n\n\n\n<p class=\"has-black-color has-light-green-cyan-background-color has-text-color has-background\" style=\"font-size:16px\"><strong>PRE INSCRIPCIONES 2023<\/strong><\/p>\n\n\n\n<p class=\"has-black-color has-text-color\">Se encuentran habilitadas las <strong>pre inscripciones<\/strong> a trav\u00e9s de \u201cGesti\u00f3n de Estudiantes\u201d del CIDI. Ingresar a: <a rel=\"noreferrer noopener\" href=\"https:\/\/www.cba.gov.ar\/gestion-estudiantes\/\" target=\"_blank\">https:\/\/www.cba.gov.ar\/gestion-estudiantes\/ <\/a>Secci\u00f3n: Pre matricula Nivel Superior<\/p>\n\n\n\n<p class=\"has-black-color has-light-green-cyan-background-color has-text-color has-background\" style=\"font-size:16px\"><strong>INSCRIPCI\u00d3N DEFINITIVA 2023<\/strong><\/p>\n\n\n\n<p class=\"has-black-color has-text-color\">Para la <strong>inscripci\u00f3n definitiva<\/strong>, que se realizar\u00e1 desde el <strong>6 al 10 de marzo del 2023<\/strong>, deber\u00e1n presentar los siguientes requisitos, dentro de una carpeta colgante:<\/p>\n\n\n\n<ul>\n<li>Comprobante de Prematr\u00edcula de CIDI.<\/li>\n\n\n\n<li>Descargar y completar: <a href=\"https:\/\/isortiz-cba.infd.edu.ar\/sitio\/wp-content\/uploads\/2022\/10\/Ficha-de-inscripcion-Profesorado.pdf\">Ficha de inscripci\u00f3n \/ Profesorado<\/a><\/li>\n\n\n\n<li>Fotocopia de DNI.<\/li>\n\n\n\n<li>Original y fotocopia de Anal\u00edtico Secundario.<\/li>\n\n\n\n<li>Fotocopia de Partida de Nacimiento.<\/li>\n\n\n\n<li>Certificado \u00danico de Salud (CUS).<\/li>\n\n\n\n<li>2 fotos carnet.<\/li>\n<\/ul>\n\n\n\n<p><\/p>\n","protected":false},"excerpt":{"rendered":"<p>CARRERA: PROFESORADO DE EDUCACI\u00d3N SECUNDARIA EN ECONOM\u00cdA \u2013\u00a0VALIDEZ NACIONAL En los siguientes enlaces encontrar\u00e1s informaci\u00f3n sobre las Unidades Curriculares de la carrera, formatos y modos de acreditaci\u00f3n: Plan de Estudio 274_2019_Profesorado de Educaci\u00f3n Secundaria en Econom\u00eda PRE INSCRIPCIONES 2023 Se encuentran habilitadas las pre inscripciones a trav\u00e9s de \u201cGesti\u00f3n de Estudiantes\u201d del CIDI. Ingresar a: &#8230; <a title=\"INSCRIPCIONES \/ PROFESORADO DE EDUCACI\u00d3N SECUNDARIA EN ECONOM\u00cdA\" class=\"read-more\" href=\"https:\/\/isortiz-cba.infd.edu.ar\/sitio\/pre-inscripciones-profesorado-de-educacion-secundaria-en-economia\/\" aria-label=\"More on INSCRIPCIONES \/ PROFESORADO DE EDUCACI\u00d3N SECUNDARIA EN ECONOM\u00cdA\">[+]<\/a><\/p>\n","protected":false},"author":511,"featured_media":0,"parent":0,"menu_order":0,"comment_status":"closed","ping_status":"closed","template":"","meta":[],"acf":[],"_links":{"self":[{"href":"https:\/\/isortiz-cba.infd.edu.ar\/sitio\/wp-json\/wp\/v2\/pages\/3118"}],"collection":[{"href":"https:\/\/isortiz-cba.infd.edu.ar\/sitio\/wp-json\/wp\/v2\/pages"}],"about":[{"href":"https:\/\/isortiz-cba.infd.edu.ar\/sitio\/wp-json\/wp\/v2\/types\/page"}],"author":[{"embeddable":true,"href":"https:\/\/isortiz-cba.infd.edu.ar\/sitio\/wp-json\/wp\/v2\/users\/511"}],"replies":[{"embeddable":true,"href":"https:\/\/isortiz-cba.infd.edu.ar\/sitio\/wp-json\/wp\/v2\/comments?post=3118"}],"version-history":[{"count":14,"href":"https:\/\/isortiz-cba.infd.edu.ar\/sitio\/wp-json\/wp\/v2\/pages\/3118\/revisions"}],"predecessor-version":[{"id":3284,"href":"https:\/\/isortiz-cba.infd.edu.ar\/sitio\/wp-json\/wp\/v2\/pages\/3118\/revisions\/3284"}],"wp:attachment":[{"href":"https:\/\/isortiz-cba.infd.edu.ar\/sitio\/wp-json\/wp\/v2\/media?parent=3118"}],"curies":[{"name":"wp","href":"https:\/\/api.w.org\/{rel}","templated":true}]}}