{"id":2688,"date":"2022-06-16T21:31:45","date_gmt":"2022-06-17T00:31:45","guid":{"rendered":"https:\/\/isortiz-cba.infd.edu.ar\/sitio\/?page_id=2688"},"modified":"2025-10-31T20:12:46","modified_gmt":"2025-10-31T23:12:46","slug":"trayecto-pedagogico-para-graduados-no-docentes-modalidad-combinada-resolucion-104-22","status":"publish","type":"page","link":"https:\/\/isortiz-cba.infd.edu.ar\/sitio\/trayecto-pedagogico-para-graduados-no-docentes-modalidad-combinada-resolucion-104-22\/","title":{"rendered":"Trayecto Pedag\u00f3gico para Graduados No docentes (Modalidad Combinada)"},"content":{"rendered":"\n<p class=\"has-light-green-cyan-background-color has-background has-normal-font-size\"><strong>INFORMACI\u00d3N CARRERA<\/strong><\/p>\n\n\n\n<ul>\n<li>Seg\u00fan&nbsp;<a rel=\"noreferrer noopener\" href=\"https:\/\/isortiz-cba.infd.edu.ar\/sitio\/wp-content\/uploads\/2022\/08\/RESOLUCION-N%C2%B0-104-NUEVO-PLAN-TRAYECTO.pdf\" target=\"_blank\">Resoluci\u00f3n Ministerial N\u00ba 104\/22<\/a><ul><li><strong>Titulaci\u00f3n<\/strong>: Trayecto Pedag\u00f3gico para Graduados No docentes (Profesionales y T\u00e9cnicos Superiores) para la Educaci\u00f3n Secundaria.<\/li><\/ul><\/li>\n\n\n\n<li><ul><li><strong>Destinatarios<\/strong>: Profesionales y T\u00e9cnicos Superior no docentes<\/li><\/ul><\/li>\n\n\n\n<li><ul><li><strong>Duraci\u00f3n<\/strong>: 2 a\u00f1os.<\/li><\/ul><\/li>\n\n\n\n<li><ul><li><strong>Carga horaria total:<\/strong>&nbsp;1696 horas c\u00e1tedra de 40 minutos. 1129 horas reloj.<\/li><\/ul><\/li>\n\n\n\n<li><ul><li><strong>Modalidad de cursado:&nbsp;de 19.00hs a 22.30hs. Una semana presencial en el Instituto y tres semanas virtuales (con clases sincr\u00f3nicas y asicr\u00f3nicas<\/strong>)<\/li><\/ul>\n<ul>\n<li><strong>No existe condici\u00f3n de libre.<\/strong><\/li>\n\n\n\n<li><strong>Alcance de la Certificaci\u00f3n<\/strong>: esta certificaci\u00f3n junto al t\u00edtulo profesional o t\u00e9cnico superior de base, transforma el alcance habilitante de Nivel Superior a Docente en la provincia de C\u00f3rdoba.<\/li>\n\n\n\n<li><strong>Requisito de Ingreso:<\/strong>&nbsp;Poseer t\u00edtulo Superior no docente (universitario o t\u00e9cnico)<\/li>\n<\/ul>\n<\/li>\n<\/ul>\n\n\n\n<p class=\"has-light-green-cyan-background-color has-background has-normal-font-size\"><strong>ESPACIOS CURRICULARES<\/strong><\/p>\n\n\n\n<p style=\"font-size:14px\"><strong>1\u00ba A\u00d1O<\/strong>: M\u00f3dulo Introductorio \/ Perspectivas sobre la Educaci\u00f3n \/ Bases Did\u00e1cticas de la Educaci\u00f3n Secundaria \/ Sistema Educativo y Problem\u00e1ticas de la Educaci\u00f3n Secundaria \/ Pr\u00e1ctica Docente I \/ Espacio Orientado I \/ Saberes y Herramientas Digitales \/ Educaci\u00f3n Sexual Integral<\/p>\n\n\n\n<p style=\"font-size:14px\"><strong>2\u00ba A\u00d1O<\/strong>: Espacio Orientado II \/ Espacio Orientado III \/ Sujetos y procesos de aprendizajes en la Educaci\u00f3n Secundaria \/ Pr\u00e1ctica Docente II y residencia profesional docente \/ Proyectos Integrados<\/p>\n\n\n\n<p class=\"has-light-green-cyan-background-color has-background has-normal-font-size\"><strong>PRE MATRICULA <\/strong>PARA EL CICLO LECTIVO 2026<\/p>\n\n\n\n<p><strong>Preinscripci\u00f3n<\/strong>&nbsp;habilitada a partir del d\u00eda&nbsp;<strong>17 de noviembre<\/strong>&nbsp;hasta el&nbsp;<strong>23 de diciembre del 2025.&nbsp;<\/strong>En febrero del 2026 se continuar\u00e1 el proceso con la&nbsp;<strong>matriculaci\u00f3n definitiva<\/strong>.<\/p>\n\n\n\n<p>Aspirantes deber\u00e1n ingresar a la p\u00e1gina&nbsp;<a rel=\"noreferrer noopener\" href=\"https:\/\/gestionestudiantes.cba.gov.ar\/NoUsuario\/ConsultaSuperior.aspx\" target=\"_blank\">Gesti\u00f3n Estudiantes \/ Mis Pretriculaciones<\/a>&nbsp;y completar la informaci\u00f3n solicitada.<\/p>\n\n\n\n<p>Para poder iniciar el proceso de pre inscripci\u00f3n, cada aspirante deber\u00e1 contar con su usuario de Ciudadano Digital (C\u00f3digo de nuestro Instituto: EE0310105)<\/p>\n\n\n\n<p><\/p>\n","protected":false},"excerpt":{"rendered":"<p>INFORMACI\u00d3N CARRERA ESPACIOS CURRICULARES 1\u00ba A\u00d1O: M\u00f3dulo Introductorio \/ Perspectivas sobre la Educaci\u00f3n \/ Bases Did\u00e1cticas de la Educaci\u00f3n Secundaria \/ Sistema Educativo y Problem\u00e1ticas de la Educaci\u00f3n Secundaria \/ Pr\u00e1ctica Docente I \/ Espacio Orientado I \/ Saberes y Herramientas Digitales \/ Educaci\u00f3n Sexual Integral 2\u00ba A\u00d1O: Espacio Orientado II \/ Espacio Orientado III &#8230; <a title=\"Trayecto Pedag\u00f3gico para Graduados No docentes (Modalidad Combinada)\" class=\"read-more\" href=\"https:\/\/isortiz-cba.infd.edu.ar\/sitio\/trayecto-pedagogico-para-graduados-no-docentes-modalidad-combinada-resolucion-104-22\/\" aria-label=\"More on Trayecto Pedag\u00f3gico para Graduados No docentes (Modalidad Combinada)\">[+]<\/a><\/p>\n","protected":false},"author":511,"featured_media":0,"parent":0,"menu_order":0,"comment_status":"closed","ping_status":"closed","template":"","meta":[],"acf":[],"_links":{"self":[{"href":"https:\/\/isortiz-cba.infd.edu.ar\/sitio\/wp-json\/wp\/v2\/pages\/2688"}],"collection":[{"href":"https:\/\/isortiz-cba.infd.edu.ar\/sitio\/wp-json\/wp\/v2\/pages"}],"about":[{"href":"https:\/\/isortiz-cba.infd.edu.ar\/sitio\/wp-json\/wp\/v2\/types\/page"}],"author":[{"embeddable":true,"href":"https:\/\/isortiz-cba.infd.edu.ar\/sitio\/wp-json\/wp\/v2\/users\/511"}],"replies":[{"embeddable":true,"href":"https:\/\/isortiz-cba.infd.edu.ar\/sitio\/wp-json\/wp\/v2\/comments?post=2688"}],"version-history":[{"count":15,"href":"https:\/\/isortiz-cba.infd.edu.ar\/sitio\/wp-json\/wp\/v2\/pages\/2688\/revisions"}],"predecessor-version":[{"id":5039,"href":"https:\/\/isortiz-cba.infd.edu.ar\/sitio\/wp-json\/wp\/v2\/pages\/2688\/revisions\/5039"}],"wp:attachment":[{"href":"https:\/\/isortiz-cba.infd.edu.ar\/sitio\/wp-json\/wp\/v2\/media?parent=2688"}],"curies":[{"name":"wp","href":"https:\/\/api.w.org\/{rel}","templated":true}]}}