{"id":1885,"date":"2021-03-01T21:01:41","date_gmt":"2021-03-02T00:01:41","guid":{"rendered":"https:\/\/isortiz-cba.infd.edu.ar\/sitio\/?page_id=1885"},"modified":"2021-03-01T21:19:16","modified_gmt":"2021-03-02T00:19:16","slug":"becas-progresar","status":"publish","type":"page","link":"https:\/\/isortiz-cba.infd.edu.ar\/sitio\/becas-progresar\/","title":{"rendered":"BECAS PROGRESAR"},"content":{"rendered":"<p><span style=\"color: #3366ff;\"><strong>El Ministerio de Educaci\u00f3n habilit\u00f3 la inscripci\u00f3n para\u00a0<b>Becas Progresar<\/b>\u00a0desde el 1\u00ba al 31 de marzo del 2021.<\/strong><\/span><\/p>\n<p>Ingresa a:<span style=\"color: #3366ff;\">\u00a0<a style=\"color: #3366ff;\" href=\"https:\/\/progresar.educacion.gob.ar\/\" target=\"_blank\" rel=\"noopener\">https:\/\/progresar.educacion.gob.ar\/<\/a><\/span> y completa el formulario en<b>\u00a0Inscripci\u00f3n\u00a0Progresar Nivel Superior.<\/b><\/p>\n<p><span style=\"color: #800080;\">Una vez finalizado el formulario de inscripci\u00f3n no podr\u00e1 modificarse.<\/span> La informaci\u00f3n proporcionada tiene car\u00e1cter de declaraci\u00f3n jurada.\u00a0 Los resultados estar\u00e1n disponibles dentro de los 30 d\u00edas h\u00e1biles posteriores al cierre de la convocatoria.\u00a0Te recomendamos hacer seguimiento y consulta acerca del resultado en la plataforma progresar.<\/p>\n<p>&nbsp;<\/p>\n<p><strong>Informaci\u00f3n Importante<\/strong>\u00a0sobre <strong><span style=\"color: #3366ff;\">Becas Progresar<\/span><\/strong> obtenida de\u00a0<a href=\"http:\/\/www.argentina.gob.ar\/preguntas-frecuentes-progresar\/educacion-superior-faq\" target=\"_blank\" rel=\"noopener\">https:\/\/www.argentina.gob.ar\/preguntas-frecuentes-progresar\/educacion-superior-faq<\/a><\/p>\n<h5><strong><span style=\"color: #3366ff;\">\u00bfCu\u00e1ndo y c\u00f3mo inscribirse a progresar?<\/span><\/strong><\/h5>\n<p>Del 1 al 31 de marzo inscribirte a progresar ingresando a nuestra p\u00e1gina oficial con tu USUARIO Y CONTRASE\u00d1A.<\/p>\n<p><strong>\u00a1SEGU\u00cd LOS PASOS!<\/strong><\/p>\n<p>En \u00ab1. DATOS PERSONALES\u00bb, complet\u00e1 tu informaci\u00f3n y hac\u00e9 click en \u00abACTUALIZAR DATOS\u00bb.<\/p>\n<p>Luego, hace click en \u00ab2. ENCUESTA\u00bb, presion\u00e1 el logo \u00abEncuesta\u00bb, complet\u00e1 tu informaci\u00f3n y hac\u00e9 click en \u00abfinaliz\u00e1 la encuesta\u00bb.<\/p>\n<p>Por \u00faltimo, en \u00ab3. DATOS ACAD\u00c9MICOS\u00bb, eleg\u00ed tu l\u00ednea de BECA correspondiente, complet\u00e1 el formulario y \u00abfinaliz\u00e1 la inscripci\u00f3n\u00bb.<\/p>\n<p>Se registrar\u00e1 tu solicitud una vez finalizados estos 3 pasos.<\/p>\n<p>Te recomendamos que prestes atenci\u00f3n a la hora de completar el formulario de inscripci\u00f3n. La informaci\u00f3n proporcionada en el formulario de inscripci\u00f3n tiene car\u00e1cter de declaraci\u00f3n jurada y la falsedad de los datos vertidos en la misma tendr\u00e1 como consecuencia la imposibilidad de inscribirse a la beca.<\/p>\n<h5><span style=\"color: #3366ff;\">\u00bfQu\u00e9 requisitos debo cumplir?<\/span><\/h5>\n<p>Los requisitos que debes cumplir son los siguientes:<\/p>\n<p>&#8211; Ser argentina\/o nativa\/o o por opci\u00f3n.<\/p>\n<ul>\n<li>Tener al momento del cierre de la convocatoria, en el caso de alumnos\/as ingresantes, entre dieciocho (18) y veinticuatro (24) a\u00f1os de edad cumplidos y para el caso de alumnos\/as avanzados\/as en la carrera, hasta treinta (30) a\u00f1os cumplidos. Para el caso de grupos en condici\u00f3n de vulnerabilidad multidimensional, tanto ingresantes como avanzados\/as, la edad se extiende hasta treinta y cinco (35) a\u00f1os y particularmente para las personas trans e integrantes de las comunidades ind\u00edgenas y\/o pertenecientes a pueblos originarios no se establece l\u00edmite de edad.<\/li>\n<li>El total de tus ingresos y los de tu grupo familiar debe ser menor a la suma de tres salarios m\u00ednimos, vitales y m\u00f3viles.<\/li>\n<\/ul>\n<p>&#8211;\u00a0 Ser egresada\/o del nivel medio y no adeudar materias al momento de la inscripci\u00f3n.<\/p>\n<ul>\n<li>Cumplir con los requisitos acad\u00e9micos establecidos.<\/li>\n<\/ul>\n<h5><span style=\"color: #3366ff;\"><strong>\u00bfA qui\u00e9nes se consideran grupos en condici\u00f3n de vulnerabilidad multidimensional?<\/strong><\/span><\/h5>\n<p>Se entiende como grupo en condici\u00f3n de vulnerabilidad multidimensional, a aquellos grupos que hist\u00f3ricamente han sufrido exclusiones y\/o violencias (simb\u00f3licas, materiales o de otro tipo), independientemente de las socioecon\u00f3micas.<\/p>\n<p>En la convocatoria se trata de:<\/p>\n<p>a) Las mujeres con hijos\/as de hasta 18 a\u00f1os de edad que se encuentren a cargo de un hogar monoparental,<\/p>\n<p>b) Los\/as integrantes de las comunidades ind\u00edgenas y\/o pertenecientes a pueblos originarios, quienes quedan exceptuados\/as del requisito de la edad en la l\u00ednea de \u00abfomento de la educaci\u00f3n superior\u00bb.<\/p>\n<p>c) Las personas trans, quienes quedan exceptuados\/as del requisito de la edad.<\/p>\n<h5><span style=\"color: #3366ff;\">\u00bfHay alg\u00fan requisito particular para personas con discapacidad?<\/span><\/h5>\n<p>Las personas con discapacidad debidamente comprobada mediante la presentaci\u00f3n del certificado oficial correspondiente, quedan exceptuados\/as del requisito de la edad. Deber\u00e1n adjuntarlo en el formulario de inscripci\u00f3n.<\/p>\n<h5><span style=\"color: #3366ff;\"><strong>\u00bfCu\u00e1les son los requisitos acad\u00e9micos?<\/strong><\/span><\/h5>\n<p>Los\/as postulantes a una beca \u00abprogresar\u00bb que acceden por primera vez a la beca en calidad de alumnos\/as avanzados\/as como los que revistan la condici\u00f3n de re inscriptos\/as, es decir que hayan tenido una beca con anterioridad, deber\u00e1n acreditar tener m\u00e1s del CINCUENTA POR CIENTO (50%) de las materias aprobadas conforme el plan de estudio y el a\u00f1o cursado.<\/p>\n<p>Los grupos en condici\u00f3n de vulnerabilidad multidimensional, deber\u00e1n acreditar la condici\u00f3n de regularidad exigido por el plan de estudios respectivo.<\/p>\n<h5><span style=\"color: #3366ff;\"><strong>Estoy estudiando una carrera estrat\u00e9gica, \u00bftengo prioridad?<\/strong><\/span><\/h5>\n<p>En pos de definir si corresponde su adjudicaci\u00f3n o no, se dar\u00e1 prioridad a aquellos\/as alumnos\/as pertenecientes a las carreras estrat\u00e9gicas debidamente estipuladas por el MINISTERIO DE EDUCACI\u00d3N.<\/p>\n<p><span style=\"color: #3366ff;\"><strong>\u00bfCu\u00e1l es el monto de la beca?<\/strong><\/span><\/p>\n<p>Los montos est\u00e1n detallados a continuaci\u00f3n, seg\u00fan sea nivel universitario\/nivel no universitario y si corresponden a carreras estrat\u00e9gicas o no, a saber:<\/p>\n<p>Carreras universitarias:<\/p>\n<p>Para estudiantes de 1\u00ba y 2\u00ba a\u00f1o &#8211; $2.250<\/p>\n<p>Para estudiantes de 3\u00ba y 4\u00ba a\u00f1o &#8211; $2.700<\/p>\n<p>Para estudiantes de 5\u00ba a\u00f1o &#8211; $3.250<\/p>\n<p>Carreras universitarias consideradas estrat\u00e9gicas:<\/p>\n<p>Para estudiantes de 1\u00ba a\u00f1o &#8211; $ 2.550<\/p>\n<p>Para estudiantes de 2\u00ba a\u00f1o &#8211; $ 3.100<\/p>\n<p>Para estudiantes de 3\u00ba a\u00f1o &#8211; $ 4.100<\/p>\n<p>Para estudiantes de 4\u00ba a\u00f1o &#8211; $ 5.350<\/p>\n<p>Para estudiantes de 5\u00ba a\u00f1o &#8211; $ 6.900<\/p>\n<p>Carreras de educaci\u00f3n superior no universitarias:<\/p>\n<p>Para estudiantes de 1\u00ba y 2\u00ba a\u00f1o &#8211; $ 2.250<\/p>\n<p>Para estudiantes de 3\u00ba y 4\u00ba a\u00f1o &#8211; $ 2.700<\/p>\n<p>Carreras de educaci\u00f3n superior no universitarias consideradas estrat\u00e9gicas:<\/p>\n<p>Para estudiantes de 1\u00ba a\u00f1o &#8211; $ 2.550<\/p>\n<p>Para estudiantes de 2\u00ba a\u00f1o &#8211; $ 2.800<\/p>\n<p>Para estudiantes de 3\u00ba a\u00f1o &#8211; $ 3.650<\/p>\n<p>Los\/as becarios\/as que est\u00e1n ingresando por primera vez a la carrera, recibir\u00e1n mensualmente el 80% del monto asignado, mientras que el otro 20% al inicio del a\u00f1o siguiente, si al terminar el ciclo lectivo actual cumple con los requisitos de aprobaci\u00f3n de la cursada correspondiente.<\/p>\n<p>Los\/as becarios\/as avanzados\/as hayan o no sido becarios\/as con anterioridad, se les abonar\u00e1 el cien por ciento (100%) del monto de la misma desde la primera cuota siempre que acredite haber aprobado m\u00e1s del cincuenta por ciento (50%) de las materias seg\u00fan plan de estudios y a\u00f1o de cursada.<\/p>\n<h5><span style=\"color: #3366ff;\">\u00bfA qui\u00e9nes se consideran ingresantes?<\/span><\/h5>\n<p>Se consideran ingresantes a aquellos\/as estudiantes que no reportan actividad acad\u00e9mica superior, con anterioridad a su postulaci\u00f3n.<\/p>\n<h5><span style=\"color: #3366ff;\"><strong>\u00bfA qui\u00e9nes se consideran avanzados\/as?<\/strong><\/span><\/h5>\n<p>Se considera estudiantes avanzados\/as a aquellos\/as estudiantes que se postulan para la obtenci\u00f3n del beneficio y que iniciaron sus estudios superiores con anterioridad al a\u00f1o en que se postulan, seg\u00fan la informaci\u00f3n que brinde la instituci\u00f3n acad\u00e9mica respectiva.<\/p>\n<h5><span style=\"color: #3366ff;\">\u00bfC\u00f3mo puedo saber si cumplo con el requisito acad\u00e9mico de alumno\/a avanzado\/a?<\/span><\/h5>\n<p>Te recomendamos que consultes las cantidades de materias de tu plan de estudio y las cantidades de materias aprobadas con nota final.<\/p>\n<p>Ejemplo: En el caso que est\u00e9s por cursar 2do a\u00f1o de tu carrera terciaria o universitaria, deber\u00e1s haber aprobado m\u00e1s del 50 % de las materias establecidas seg\u00fan el plan de estudio de primer a\u00f1o para considerarte alumno\/a avanzado\/a.\u00a0 Si estas por cursar 3er a\u00f1o deber\u00e1s haber aprobado m\u00e1s del 50% de primero y m\u00e1s el 50% de segundo.<\/p>\n<h5><span style=\"color: #3366ff;\">\u00bfC\u00f3mo es el proceso de evaluaci\u00f3n de mi postulaci\u00f3n?<\/span><\/h5>\n<p>La evaluaci\u00f3n de los requisitos exigidos por el PROGRAMA estar\u00e1 conformada por DOS (2) etapas, la evaluaci\u00f3n socioecon\u00f3mica y la evaluaci\u00f3n acad\u00e9mica.<\/p>\n<p>La evaluaci\u00f3n socioecon\u00f3mica se realizar\u00e1 a trav\u00e9s de la ADMINISTRACI\u00d3N NACIONAL DE LA SEGURIDAD SOCIAL (ANSES) en funci\u00f3n de los ingresos del\/la\u00a0 postulante y los de su grupo familiar que se registren en las bases de datos de dicho organismo al momento de la inscripci\u00f3n.<\/p>\n<p>La evaluaci\u00f3n acad\u00e9mica se realizar\u00e1 de acuerdo a la informaci\u00f3n brindada por las instituciones educativas correspondientes. El a\u00f1o de ingreso se determinar\u00e1 por la fecha del primer (1\u00b0) examen final rendido (teniendo en cuenta materias promocionadas)<\/p>\n<p>La evaluaci\u00f3n acad\u00e9mica se realizar\u00e1 conforme a:<\/p>\n<p>a) El a\u00f1o de ingreso definido por el presente apartado y en virtud de la informaci\u00f3n brindada por cada instituci\u00f3n educativa.<\/p>\n<p>b) La duraci\u00f3n de la carrera seg\u00fan plan de estudios y en virtud de informaci\u00f3n brindada por cada instituci\u00f3n educativa.<\/p>\n<p>c) La cantidad de materias seg\u00fan plan de estudios y en virtud la informaci\u00f3n brindada por cada instituci\u00f3n educativa.<\/p>\n<h5><span style=\"color: #3366ff;\">En 2019 me inscrib\u00ed a progresar, pero no fui adjudicado\/a \u00bfMe puedo inscribir este a\u00f1o?<\/span><\/h5>\n<p>\u00a1Si, pod\u00e9s inscribirte! Hacelo desde el 1 al 31 de marzo ingresando a nuestra p\u00e1gina oficial con tu USUARIO Y CONTRASE\u00d1A.<\/p>\n<p>Te recomendamos que ingreses a nuestro sitio oficial para conocer las bases y condiciones del progresar.<\/p>\n<h5><span style=\"color: #3366ff;\">En 2019 fui adjudicado\/a en Pueblos Originarios \u00bfMe debo inscribir este a\u00f1o?<\/span><\/h5>\n<p>Si, inscribite del 1 al 31 de marzo de manera online en \u00a0<a href=\"https:\/\/www.argentina.gob.ar\/becasprogresar\">https:\/\/www.argentina.gob.ar\/becasprogresar<\/a>\u00a0 con tu USUARIO Y CONTRASE\u00d1A deber\u00e1s elegir la l\u00ednea progresar.<\/p>\n<p>\u00a1En la plataforma SEGUI LOS PASOS!<\/p>\n<p>En \u00ab1. DATOS PERSONALES\u00bb, complet\u00e1 tu informaci\u00f3n y hac\u00e9 click en \u00abACTUALIZAR DATOS\u00bb.<\/p>\n<p>Luego, hace click en \u00ab2. ENCUESTA\u00bb, presion\u00e1 el logo \u00abEncuesta\u00bb, complet\u00e1 tu informaci\u00f3n y hac\u00e9 click en \u00abfinaliz\u00e1 la encuesta\u00bb.<\/p>\n<p>Por \u00faltimo, en \u00ab3. DATOS ACADEMICOS\u00bb, eleg\u00ed la l\u00ednea de BECA \u00abprogresar\u00bb, complet\u00e1 el formulario y \u00abfinaliz\u00e1 la inscripci\u00f3n\u00bb.<\/p>\n<p>Se registrar\u00e1 tu solicitud una vez finalizados estos 3 pasos.<\/p>\n<p>Te recomendamos que prestes atenci\u00f3n a la hora de completar el formulario de inscripci\u00f3n. La informaci\u00f3n proporcionada en el formulario de inscripci\u00f3n tiene car\u00e1cter de declaraci\u00f3n jurada y la falsedad de los datos vertidos en la misma tendr\u00e1 como consecuencia la imposibilidad de inscribirse a la beca.<\/p>\n<h5><span style=\"color: #3366ff;\">Olvid\u00e9 la contrase\u00f1a de mi USUARIO \u00bfQu\u00e9 hago?\u00a0<\/span><\/h5>\n<p>Podr\u00e1s restablecer tu contrase\u00f1a con la informaci\u00f3n de tu USUARIO y CORREO ELECTR\u00d3NICO registrado.<\/p>\n<p>\u00a1SEGU\u00cd LOS PASOS!<\/p>\n<p>1) Ingres\u00e1 a https:\/\/becasprogresar.educacion.gob.ar<\/p>\n<p>2) Hac\u00e9 click en INCIAR SESI\u00d3N, luego en OLVID\u00c9 MI CONTRASE\u00d1A.<\/p>\n<p>3) Complet\u00e1 con el correo electr\u00f3nico que hayas registrado por primera vez y hac\u00e9 click en SIGUIENTE.<\/p>\n<p>4) Luego, complet\u00e1 con tu USUARIO y hac\u00e9 click en SIGUIENTE.<\/p>\n<p>5) Por \u00faltimo, copia la contrase\u00f1a que se visualizar\u00e1 en la p\u00e1gina y hac\u00e9 click en IR AL INICIO DE SESI\u00d3N.<\/p>\n<p>En el caso que no recuerdes USUARIO y\/o CORREO ELECTR\u00d3NICO ponete en contacto con nosotros\/as, llamando de lunes a viernes de 8 a 20 h a los siguientes n\u00fameros: (011) 4129-2038\/46\/48\/75.<\/p>\n","protected":false},"excerpt":{"rendered":"<p>El Ministerio de Educaci\u00f3n habilit\u00f3 la inscripci\u00f3n para\u00a0Becas Progresar\u00a0desde el 1\u00ba al 31 de marzo del 2021. Ingresa a:\u00a0https:\/\/progresar.educacion.gob.ar\/ y completa el formulario en\u00a0Inscripci\u00f3n\u00a0Progresar Nivel Superior. Una vez finalizado el formulario de inscripci\u00f3n no podr\u00e1 modificarse. La informaci\u00f3n proporcionada tiene car\u00e1cter de declaraci\u00f3n jurada.\u00a0 Los resultados estar\u00e1n disponibles dentro de los 30 d\u00edas h\u00e1biles posteriores &#8230; <a title=\"BECAS PROGRESAR\" class=\"read-more\" href=\"https:\/\/isortiz-cba.infd.edu.ar\/sitio\/becas-progresar\/\" aria-label=\"More on BECAS PROGRESAR\">[+]<\/a><\/p>\n","protected":false},"author":511,"featured_media":0,"parent":0,"menu_order":0,"comment_status":"closed","ping_status":"closed","template":"","meta":[],"acf":[],"_links":{"self":[{"href":"https:\/\/isortiz-cba.infd.edu.ar\/sitio\/wp-json\/wp\/v2\/pages\/1885"}],"collection":[{"href":"https:\/\/isortiz-cba.infd.edu.ar\/sitio\/wp-json\/wp\/v2\/pages"}],"about":[{"href":"https:\/\/isortiz-cba.infd.edu.ar\/sitio\/wp-json\/wp\/v2\/types\/page"}],"author":[{"embeddable":true,"href":"https:\/\/isortiz-cba.infd.edu.ar\/sitio\/wp-json\/wp\/v2\/users\/511"}],"replies":[{"embeddable":true,"href":"https:\/\/isortiz-cba.infd.edu.ar\/sitio\/wp-json\/wp\/v2\/comments?post=1885"}],"version-history":[{"count":2,"href":"https:\/\/isortiz-cba.infd.edu.ar\/sitio\/wp-json\/wp\/v2\/pages\/1885\/revisions"}],"predecessor-version":[{"id":1895,"href":"https:\/\/isortiz-cba.infd.edu.ar\/sitio\/wp-json\/wp\/v2\/pages\/1885\/revisions\/1895"}],"wp:attachment":[{"href":"https:\/\/isortiz-cba.infd.edu.ar\/sitio\/wp-json\/wp\/v2\/media?parent=1885"}],"curies":[{"name":"wp","href":"https:\/\/api.w.org\/{rel}","templated":true}]}}