{"id":1242,"date":"2019-10-18T20:49:44","date_gmt":"2019-10-18T23:49:44","guid":{"rendered":"https:\/\/isortiz-cba.infd.edu.ar\/sitio\/?page_id=1242"},"modified":"2019-10-18T21:23:40","modified_gmt":"2019-10-19T00:23:40","slug":"encuentro-con-referentes-de-politicas-estudiantiles","status":"publish","type":"page","link":"https:\/\/isortiz-cba.infd.edu.ar\/sitio\/encuentro-con-referentes-de-politicas-estudiantiles\/","title":{"rendered":"ENCUENTRO CON REFERENTES DE POL\u00cdTICAS ESTUDIANTILES"},"content":{"rendered":"<p>Referentes de Pol\u00edticas Estudiantiles visitan la Instituci\u00f3n y dialogan con los estudiantes delegados de cada uno de los cursos de la Instituci\u00f3n. Se conversa sobre la importancia de historizar el proceso protag\u00f3nico de los estudiantes en los Institutos de Formaci\u00f3n Docente; sobre la democracia como pol\u00edtica p\u00fablica; lo hitos claves en el Instituto Ortiz y Herrera que tuvieron a los y las estudiantes como protagonistas.<\/p>\n<p>Como punto clave se invita a pensar a los y las estudiantes por los \u201csentidos\u201d que hacen a la participaci\u00f3n y organizaci\u00f3n en los diferentes espacios y tiempos del propio Instituto.<\/p>\n<p><img decoding=\"async\" loading=\"lazy\" class=\"alignnone size-full wp-image-1238\" src=\"https:\/\/isortiz-cba.infd.edu.ar\/sitio\/wp-content\/uploads\/2019\/10\/WhatsApp-Image-2019-09-27-at-17.38.43-3.jpeg\" alt=\"\" width=\"1280\" height=\"720\" \/><\/p>\n","protected":false},"excerpt":{"rendered":"<p>Referentes de Pol\u00edticas Estudiantiles visitan la Instituci\u00f3n y dialogan con los estudiantes delegados de cada uno de los cursos de la Instituci\u00f3n. Se conversa sobre la importancia de historizar el proceso protag\u00f3nico de los estudiantes en los Institutos de Formaci\u00f3n Docente; sobre la democracia como pol\u00edtica p\u00fablica; lo hitos claves en el Instituto Ortiz y &#8230; <a title=\"ENCUENTRO CON REFERENTES DE POL\u00cdTICAS ESTUDIANTILES\" class=\"read-more\" href=\"https:\/\/isortiz-cba.infd.edu.ar\/sitio\/encuentro-con-referentes-de-politicas-estudiantiles\/\" aria-label=\"More on ENCUENTRO CON REFERENTES DE POL\u00cdTICAS ESTUDIANTILES\">[+]<\/a><\/p>\n","protected":false},"author":195,"featured_media":0,"parent":0,"menu_order":0,"comment_status":"closed","ping_status":"closed","template":"","meta":[],"acf":[],"_links":{"self":[{"href":"https:\/\/isortiz-cba.infd.edu.ar\/sitio\/wp-json\/wp\/v2\/pages\/1242"}],"collection":[{"href":"https:\/\/isortiz-cba.infd.edu.ar\/sitio\/wp-json\/wp\/v2\/pages"}],"about":[{"href":"https:\/\/isortiz-cba.infd.edu.ar\/sitio\/wp-json\/wp\/v2\/types\/page"}],"author":[{"embeddable":true,"href":"https:\/\/isortiz-cba.infd.edu.ar\/sitio\/wp-json\/wp\/v2\/users\/195"}],"replies":[{"embeddable":true,"href":"https:\/\/isortiz-cba.infd.edu.ar\/sitio\/wp-json\/wp\/v2\/comments?post=1242"}],"version-history":[{"count":3,"href":"https:\/\/isortiz-cba.infd.edu.ar\/sitio\/wp-json\/wp\/v2\/pages\/1242\/revisions"}],"predecessor-version":[{"id":1274,"href":"https:\/\/isortiz-cba.infd.edu.ar\/sitio\/wp-json\/wp\/v2\/pages\/1242\/revisions\/1274"}],"wp:attachment":[{"href":"https:\/\/isortiz-cba.infd.edu.ar\/sitio\/wp-json\/wp\/v2\/media?parent=1242"}],"curies":[{"name":"wp","href":"https:\/\/api.w.org\/{rel}","templated":true}]}}