{"id":1012,"date":"2019-05-08T19:05:34","date_gmt":"2019-05-08T22:05:34","guid":{"rendered":"https:\/\/isortiz-cba.infd.edu.ar\/sitio\/?page_id=1012"},"modified":"2022-08-16T20:27:25","modified_gmt":"2022-08-16T23:27:25","slug":"informacion-estudiantes-2","status":"publish","type":"page","link":"https:\/\/isortiz-cba.infd.edu.ar\/sitio\/informacion-estudiantes-2\/","title":{"rendered":"Informaci\u00f3n para aspirantes"},"content":{"rendered":"<h4><strong>Formaci\u00f3n Pedag\u00f3gica para Graduados No Docentes \/ Plan de Estudio sin vigencia:<\/strong><\/h4>\n<ul>\n<li>Seg\u00fan \u00a0<a href=\"https:\/\/isortiz-cba.infd.edu.ar\/sitio\/wp-content\/uploads\/2021\/03\/Resolucion-145_10.pdf\" target=\"_blank\" rel=\"noopener\">Resoluci\u00f3n Ministerial N\u00ba 145\/10<\/a>\n<ul>\n<li><strong>Duraci\u00f3n<\/strong>: 2 a\u00f1os.<\/li>\n<li><strong>Carga horaria total:<\/strong>\u00a01536 horas c\u00e1tedra de 40 minutos. 1024 horas reloj<\/li>\n<li><strong>Modalidad de cursado:\u00a0<\/strong>Combinada. El cursado contemplar\u00e1 instancias sincr\u00f3nicas y asincr\u00f3nicas que se implementar\u00e1n en aulas virtuales, encuentros presenciales, trabajos de campo y pr\u00e1cticas que se realizar\u00e1n en las escuelas asociadas.<\/li>\n<li><strong>No existe condici\u00f3n de libre.<\/strong><\/li>\n<li><strong>Certificaci\u00f3n<\/strong>: Formaci\u00f3n Pedag\u00f3gica de Graduados No Docentes (Profesionales y<br \/>\nT\u00e9cnicos Superiores) para la Educaci\u00f3n Secundaria<\/li>\n<li><strong>Alcance de la Certificaci\u00f3n<\/strong>: esta certificaci\u00f3n junto al t\u00edtulo profesional o t\u00e9cnico<br \/>\nsuperior de base ser\u00e1 equivalente al t\u00edtulo docente de grado o inicial a los fines de su<br \/>\npresentaci\u00f3n ante quien corresponda.<\/li>\n<li><strong>Requisito de Ingreso:<\/strong>\u00a0poseer t\u00edtulo profesional o t\u00e9cnico Superior emitidos por<br \/>\ninstituciones de educaci\u00f3n superior con reconocimiento oficial. Las titulaciones<br \/>\ncorresponder\u00e1n a carreras cuya carga horaria no sea menor a 1600 horas reloj.<\/li>\n<\/ul>\n<\/li>\n<\/ul>\n<p style=\"text-align: left;\">\n","protected":false},"excerpt":{"rendered":"<p>Formaci\u00f3n Pedag\u00f3gica para Graduados No Docentes \/ Plan de Estudio sin vigencia: Seg\u00fan \u00a0Resoluci\u00f3n Ministerial N\u00ba 145\/10 Duraci\u00f3n: 2 a\u00f1os. Carga horaria total:\u00a01536 horas c\u00e1tedra de 40 minutos. 1024 horas reloj Modalidad de cursado:\u00a0Combinada. El cursado contemplar\u00e1 instancias sincr\u00f3nicas y asincr\u00f3nicas que se implementar\u00e1n en aulas virtuales, encuentros presenciales, trabajos de campo y pr\u00e1cticas que &#8230; <a title=\"Informaci\u00f3n para aspirantes\" class=\"read-more\" href=\"https:\/\/isortiz-cba.infd.edu.ar\/sitio\/informacion-estudiantes-2\/\" aria-label=\"More on Informaci\u00f3n para aspirantes\">[+]<\/a><\/p>\n","protected":false},"author":195,"featured_media":0,"parent":0,"menu_order":0,"comment_status":"closed","ping_status":"closed","template":"","meta":[],"acf":[],"_links":{"self":[{"href":"https:\/\/isortiz-cba.infd.edu.ar\/sitio\/wp-json\/wp\/v2\/pages\/1012"}],"collection":[{"href":"https:\/\/isortiz-cba.infd.edu.ar\/sitio\/wp-json\/wp\/v2\/pages"}],"about":[{"href":"https:\/\/isortiz-cba.infd.edu.ar\/sitio\/wp-json\/wp\/v2\/types\/page"}],"author":[{"embeddable":true,"href":"https:\/\/isortiz-cba.infd.edu.ar\/sitio\/wp-json\/wp\/v2\/users\/195"}],"replies":[{"embeddable":true,"href":"https:\/\/isortiz-cba.infd.edu.ar\/sitio\/wp-json\/wp\/v2\/comments?post=1012"}],"version-history":[{"count":12,"href":"https:\/\/isortiz-cba.infd.edu.ar\/sitio\/wp-json\/wp\/v2\/pages\/1012\/revisions"}],"predecessor-version":[{"id":2785,"href":"https:\/\/isortiz-cba.infd.edu.ar\/sitio\/wp-json\/wp\/v2\/pages\/1012\/revisions\/2785"}],"wp:attachment":[{"href":"https:\/\/isortiz-cba.infd.edu.ar\/sitio\/wp-json\/wp\/v2\/media?parent=1012"}],"curies":[{"name":"wp","href":"https:\/\/api.w.org\/{rel}","templated":true}]}}